
{"id":1372,"date":"2024-07-08T06:10:47","date_gmt":"2024-07-08T06:10:47","guid":{"rendered":"https:\/\/wordpress.themeholy.com\/tourm\/?page_id=1372"},"modified":"2026-02-08T22:18:09","modified_gmt":"2026-02-08T21:18:09","slug":"services","status":"publish","type":"page","link":"https:\/\/nature-fineart.com\/vogelfotografie-spanien\/services\/","title":{"rendered":"Service &#038; Info"},"content":{"rendered":"\t\t<div data-elementor-type=\"wp-page\" data-elementor-id=\"1372\" class=\"elementor elementor-1372\">\n\t\t\t\t<div class=\"elementor-element elementor-element-bc1866a e-flex e-con-boxed e-con e-parent\" data-id=\"bc1866a\" data-element_type=\"container\" data-e-type=\"container\">\n\t\t\t\t\t<div class=\"e-con-inner\">\n\t\t\t\t<div class=\"elementor-element elementor-element-ce2b072 elementor-widget elementor-widget-tourmsectiontitle\" data-id=\"ce2b072\" data-element_type=\"widget\" data-e-type=\"widget\" data-widget_type=\"tourmsectiontitle.default\">\n\t\t\t\t<div class=\"elementor-widget-container\">\n\t\t\t\t\t\t\t<div class=\"title-area text-center \">\r\n\t\t\t<span class=\"sub-title \">Unser Service<\/span><h2 class=\"sec-title \">F\u00fcr deine Fotoreise<\/h2>\t\t<\/div>\r\n\r\n\t\t\t\t\t<\/div>\n\t\t\t\t<\/div>\n\t\t\t\t\t<\/div>\n\t\t\t\t<\/div>\n\t\t<div class=\"elementor-element elementor-element-e498770 e-flex e-con-boxed e-con e-parent\" data-id=\"e498770\" data-element_type=\"container\" data-e-type=\"container\">\n\t\t\t\t\t<div class=\"e-con-inner\">\n\t\t\t\t<div class=\"elementor-element elementor-element-3e843dc elementor-widget elementor-widget-tourmdestinations\" data-id=\"3e843dc\" data-element_type=\"widget\" data-e-type=\"widget\" data-widget_type=\"tourmdestinations.default\">\n\t\t\t\t<div class=\"elementor-widget-container\">\n\t\t\t\t\t<div class=\"swiper th-slider destination-slider slider-drag-wrap\" id=\"aboutSlider1\" data-slider-options='{\"breakpoints\":{\"0\":{\"slidesPerView\":1},\"576\":{\"slidesPerView\":\"2\"},\"992\":{\"slidesPerView\":\"3\"},\"1200\":{\"slidesPerView\":\"3\"}},\"effect\":\"coverflow\",\"coverflowEffect\":{\"rotate\":\"0\",\"stretch\":\"95\",\"depth\":\"212\",\"modifier\":\"1\"},\"centeredSlides\":\"true\"}'><div class=\"swiper-wrapper\"><div class=\"swiper-slide\"><div class=\"destination-box gsap-cursor\"><div class=\"destination-img\"><img decoding=\"async\" src=\"https:\/\/nature-fineart.com\/vogelfotografie-spanien\/wp-content\/uploads\/2025\/02\/IMG_1498-DeNoiseAI-standard.jpg\" alt=\"IMG_1498 DeNoiseAI standard\"  \/><div class=\"destination-content\"><div class=\"media-left\"><h4 class=\"box-title title\"><a href=\"https:\/\/nature-fineart.com\/vogelfotografie-spanien\/?page_id=3935\">Allgemeine Hinweise f\u00fcr die Reisen<\/a><\/h4><\/div><div class=\"\"><a href=\"https:\/\/nature-fineart.com\/vogelfotografie-spanien\/?page_id=3935\" class=\"th-btn style2 th-icon\">Mehr Information<\/a><\/div><\/div><\/div><\/div><\/div><div class=\"swiper-slide\"><div class=\"destination-box gsap-cursor\"><div class=\"destination-img\"><img decoding=\"async\" src=\"https:\/\/nature-fineart.com\/vogelfotografie-spanien\/wp-content\/uploads\/2025\/01\/Fotoausrustung.png\" alt=\"Fotoausrustung\"  \/><div class=\"destination-content\"><div class=\"media-left\"><h4 class=\"box-title title\"><a href=\"https:\/\/nature-fineart.com\/vogelfotografie-spanien\/?page_id=3892\">Fotoausr\u00fcstung und Ausstattung<\/a><\/h4><\/div><div class=\"\"><a href=\"https:\/\/nature-fineart.com\/vogelfotografie-spanien\/?page_id=3892\" class=\"th-btn style2 th-icon\">Mehr Information<\/a><\/div><\/div><\/div><\/div><\/div><div class=\"swiper-slide\"><div class=\"destination-box gsap-cursor\"><div class=\"destination-img\"><img decoding=\"async\" src=\"https:\/\/nature-fineart.com\/vogelfotografie-spanien\/wp-content\/uploads\/2025\/01\/IMG_20230725_113648422_HDR-scaled.jpg\" alt=\"IMG_20230725_113648422_HDR scaled\"  \/><div class=\"destination-content\"><div class=\"media-left\"><h4 class=\"box-title title\"><a href=\"https:\/\/nature-fineart.com\/vogelfotografie-spanien\/?page_id=3822\">Fotohides<\/a><\/h4><\/div><div class=\"\"><a href=\"https:\/\/nature-fineart.com\/vogelfotografie-spanien\/?page_id=3822\" class=\"th-btn style2 th-icon\">Mehr Information<\/a><\/div><\/div><\/div><\/div><\/div><div class=\"swiper-slide\"><div class=\"destination-box gsap-cursor\"><div class=\"destination-img\"><img decoding=\"async\" src=\"https:\/\/nature-fineart.com\/vogelfotografie-spanien\/wp-content\/uploads\/2025\/01\/6948a24b-09e4-42ef-9fcc-4b469e5fe8ea-scaled.jpg\" alt=\"6948a24b 09e4 42ef 9fcc 4b469e5fe8ea scaled\"  \/><div class=\"destination-content\"><div class=\"media-left\"><h4 class=\"box-title title\"><a href=\"https:\/\/nature-fineart.com\/vogelfotografie-spanien\/?page_id=3851\">Betreuung<\/a><\/h4><\/div><div class=\"\"><a href=\"https:\/\/nature-fineart.com\/vogelfotografie-spanien\/?page_id=3851\" class=\"th-btn style2 th-icon\">Mehr Information<\/a><\/div><\/div><\/div><\/div><\/div><div class=\"swiper-slide\"><div class=\"destination-box gsap-cursor\"><div class=\"destination-img\"><img decoding=\"async\" src=\"https:\/\/nature-fineart.com\/vogelfotografie-spanien\/wp-content\/uploads\/2025\/02\/image-e1739116148699.jpg\" alt=\"image e1739116148699\"  \/><div class=\"destination-content\"><div class=\"media-left\"><h4 class=\"box-title title\"><a href=\"https:\/\/nature-fineart.com\/vogelfotografie-spanien\/mehr-information-zum-services-des-transportes\/\">Transport<\/a><\/h4><\/div><div class=\"\"><a href=\"https:\/\/nature-fineart.com\/vogelfotografie-spanien\/mehr-information-zum-services-des-transportes\/\" class=\"th-btn style2 th-icon\">Mehr Information<\/a><\/div><\/div><\/div><\/div><\/div><div class=\"swiper-slide\"><div class=\"destination-box gsap-cursor\"><div class=\"destination-img\"><img decoding=\"async\" src=\"https:\/\/nature-fineart.com\/vogelfotografie-spanien\/wp-content\/uploads\/2025\/01\/IMG_2174-scaled.jpg\" alt=\"IMG_2174 scaled\"  \/><div class=\"destination-content\"><div class=\"media-left\"><h4 class=\"box-title title\"><a href=\"https:\/\/nature-fineart.com\/vogelfotografie-spanien\/?page_id=3860\">Orte<\/a><\/h4><\/div><div class=\"\"><a href=\"https:\/\/nature-fineart.com\/vogelfotografie-spanien\/?page_id=3860\" class=\"th-btn style2 th-icon\">Mehr Information<\/a><\/div><\/div><\/div><\/div><\/div><div class=\"swiper-slide\"><div class=\"destination-box gsap-cursor\"><div class=\"destination-img\"><img decoding=\"async\" src=\"https:\/\/nature-fineart.com\/vogelfotografie-spanien\/wp-content\/uploads\/2025\/01\/Hotel-Spanien.png\" alt=\"Hotel Spanien\"  \/><div class=\"destination-content\"><div class=\"media-left\"><h4 class=\"box-title title\"><a href=\"https:\/\/nature-fineart.com\/vogelfotografie-spanien\/?page_id=3839\">Hoteles und  Unterk\u00fcnfte<\/a><\/h4><\/div><div class=\"\"><a href=\"https:\/\/nature-fineart.com\/vogelfotografie-spanien\/?page_id=3839\" class=\"th-btn style2 th-icon\">Mehr Information<\/a><\/div><\/div><\/div><\/div><\/div><div class=\"swiper-slide\"><div class=\"destination-box gsap-cursor\"><div class=\"destination-img\"><img decoding=\"async\" src=\"https:\/\/nature-fineart.com\/vogelfotografie-spanien\/wp-content\/uploads\/2025\/01\/IMG_0024-scaled.jpg\" alt=\"IMG_0024 scaled\"  \/><div class=\"destination-content\"><div class=\"media-left\"><h4 class=\"box-title title\"><a href=\"https:\/\/nature-fineart.com\/vogelfotografie-spanien\/?page_id=3869\">Verpflegung<\/a><\/h4><\/div><div class=\"\"><a href=\"https:\/\/nature-fineart.com\/vogelfotografie-spanien\/?page_id=3869\" class=\"th-btn style2 th-icon\">Mehr Information<\/a><\/div><\/div><\/div><\/div><\/div><\/div><\/div>\t\t\t\t<\/div>\n\t\t\t\t<\/div>\n\t\t\t\t\t<\/div>\n\t\t\t\t<\/div>\n\t\t\t\t<\/div>\n\t\t","protected":false},"excerpt":{"rendered":"<p>Unser Service F\u00fcr deine Fotoreise Allgemeine Hinweise f\u00fcr die Reisen Mehr Information Fotoausr\u00fcstung und Ausstattung Mehr Information Fotohides Mehr Information Betreuung Mehr Information Transport Mehr Information Orte Mehr Information Hoteles und Unterk\u00fcnfte Mehr Information Verpflegung Mehr Information<\/p>\n","protected":false},"author":2,"featured_media":0,"parent":0,"menu_order":0,"comment_status":"closed","ping_status":"closed","template":"template-builder.php","meta":{"footnotes":""},"class_list":["post-1372","page","type-page","status-publish","hentry"],"_links":{"self":[{"href":"https:\/\/nature-fineart.com\/vogelfotografie-spanien\/wp-json\/wp\/v2\/pages\/1372","targetHints":{"allow":["GET"]}}],"collection":[{"href":"https:\/\/nature-fineart.com\/vogelfotografie-spanien\/wp-json\/wp\/v2\/pages"}],"about":[{"href":"https:\/\/nature-fineart.com\/vogelfotografie-spanien\/wp-json\/wp\/v2\/types\/page"}],"author":[{"embeddable":true,"href":"https:\/\/nature-fineart.com\/vogelfotografie-spanien\/wp-json\/wp\/v2\/users\/2"}],"replies":[{"embeddable":true,"href":"https:\/\/nature-fineart.com\/vogelfotografie-spanien\/wp-json\/wp\/v2\/comments?post=1372"}],"version-history":[{"count":150,"href":"https:\/\/nature-fineart.com\/vogelfotografie-spanien\/wp-json\/wp\/v2\/pages\/1372\/revisions"}],"predecessor-version":[{"id":7030,"href":"https:\/\/nature-fineart.com\/vogelfotografie-spanien\/wp-json\/wp\/v2\/pages\/1372\/revisions\/7030"}],"wp:attachment":[{"href":"https:\/\/nature-fineart.com\/vogelfotografie-spanien\/wp-json\/wp\/v2\/media?parent=1372"}],"curies":[{"name":"wp","href":"https:\/\/api.w.org\/{rel}","templated":true}]}}