{"id":1396,"date":"2024-07-08T06:41:10","date_gmt":"2024-07-08T06:41:10","guid":{"rendered":"https:\/\/wordpress.themeholy.com\/tourm\/?page_id=1396"},"modified":"2026-02-12T10:32:13","modified_gmt":"2026-02-12T09:32:13","slug":"vogelfotografie-guide-spanien","status":"publish","type":"page","link":"https:\/\/nature-fineart.com\/vogelfotografie-spanien\/vogelfotografie-guide-spanien\/","title":{"rendered":"Tour Guider"},"content":{"rendered":"\t\t<div data-elementor-type=\"wp-page\" data-elementor-id=\"1396\" class=\"elementor elementor-1396\">\n\t\t\t\t<div class=\"elementor-element elementor-element-a336150 e-con-full e-flex e-con e-parent\" data-id=\"a336150\" data-element_type=\"container\" data-e-type=\"container\">\n\t\t<div class=\"elementor-element elementor-element-998ae4f e-flex e-con-boxed e-con e-child\" data-id=\"998ae4f\" data-element_type=\"container\" data-e-type=\"container\" data-settings=\"{&quot;background_background&quot;:&quot;classic&quot;}\">\n\t\t\t\t\t<div class=\"e-con-inner\">\n\t\t<div class=\"elementor-element elementor-element-dc773ee e-con-full e-flex e-con e-child\" data-id=\"dc773ee\" data-element_type=\"container\" data-e-type=\"container\">\n\t\t<div class=\"elementor-element elementor-element-9b37da2 e-con-full e-flex e-con e-child\" data-id=\"9b37da2\" data-element_type=\"container\" data-e-type=\"container\">\n\t\t\r\n\t\t<div class=\"elementor-element elementor-element-1ed261b elementor-widget elementor-widget-image\" data-id=\"1ed261b\" data-element_type=\"widget\" data-e-type=\"widget\" data-widget_type=\"image.default\">\n\t\t\t\t<div class=\"elementor-widget-container\">\n\t\t\t\t\t\t\t\t\t\t\t\t\t\t\t<img fetchpriority=\"high\" decoding=\"async\" width=\"1920\" height=\"1920\" src=\"https:\/\/nature-fineart.com\/vogelfotografie-spanien\/wp-content\/uploads\/2026\/01\/Chris-auf-Tour-am-Strand.jpeg\" class=\"attachment-full size-full wp-image-6778\" alt=\"\" srcset=\"https:\/\/nature-fineart.com\/vogelfotografie-spanien\/wp-content\/uploads\/2026\/01\/Chris-auf-Tour-am-Strand.jpeg 1920w, https:\/\/nature-fineart.com\/vogelfotografie-spanien\/wp-content\/uploads\/2026\/01\/Chris-auf-Tour-am-Strand-600x600.jpeg 600w, https:\/\/nature-fineart.com\/vogelfotografie-spanien\/wp-content\/uploads\/2026\/01\/Chris-auf-Tour-am-Strand-1600x1600.jpeg 1600w, https:\/\/nature-fineart.com\/vogelfotografie-spanien\/wp-content\/uploads\/2026\/01\/Chris-auf-Tour-am-Strand-300x300.jpeg 300w, https:\/\/nature-fineart.com\/vogelfotografie-spanien\/wp-content\/uploads\/2026\/01\/Chris-auf-Tour-am-Strand-768x768.jpeg 768w, https:\/\/nature-fineart.com\/vogelfotografie-spanien\/wp-content\/uploads\/2026\/01\/Chris-auf-Tour-am-Strand-85x85.jpeg 85w, https:\/\/nature-fineart.com\/vogelfotografie-spanien\/wp-content\/uploads\/2026\/01\/Chris-auf-Tour-am-Strand-1536x1536.jpeg 1536w, https:\/\/nature-fineart.com\/vogelfotografie-spanien\/wp-content\/uploads\/2026\/01\/Chris-auf-Tour-am-Strand-580x580.jpeg 580w\" sizes=\"(max-width: 1920px) 100vw, 1920px\" \/>\t\t\t\t\t\t\t\t\t\t\t\t\t\t\t<\/div>\n\t\t\t\t<\/div>\n\t\t\t\t<\/div>\n\t\t\t\t<\/div>\n\t\t<div class=\"elementor-element elementor-element-cec12dd e-con-full e-flex e-con e-child\" data-id=\"cec12dd\" data-element_type=\"container\" data-e-type=\"container\" data-settings=\"{&quot;background_background&quot;:&quot;gradient&quot;}\">\n\t\t\t\t<div class=\"elementor-element elementor-element-ce6988a elementor-widget elementor-widget-text-editor\" data-id=\"ce6988a\" data-element_type=\"widget\" data-e-type=\"widget\" data-widget_type=\"text-editor.default\">\n\t\t\t\t<div class=\"elementor-widget-container\">\n\t\t\t\t\t\t\t\t\t<h2>\u00dcber mich<\/h2><h2>Christoph Bittenbinder<\/h2><h3>Mit dem Blick f\u00fcrs Besondere<\/h3>\t\t\t\t\t\t\t\t<\/div>\n\t\t\t\t<\/div>\n\t\t\t\t<div class=\"elementor-element elementor-element-b1a33db elementor-widget elementor-widget-text-editor\" data-id=\"b1a33db\" data-element_type=\"widget\" data-e-type=\"widget\" data-widget_type=\"text-editor.default\">\n\t\t\t\t<div class=\"elementor-widget-container\">\n\t\t\t\t\t\t\t\t\t<h1>Dein Vogelfotografie-Guide Spanien<\/h1><p>Vogelfotografie Guide Spanien &#8211; als dein pers\u00f6nlicher Guide begleite ich dich zu den besten Spots f\u00fcr einzigartige Naturaufnahmen. Mit jahrelanger Erfahrung in der Vogel- und Naturfotografie kenne ich nicht nur die Hotspots, sondern auch das Verhalten der Arten und die idealen Lichtverh\u00e4ltnisse. So entstehen authentische Bilder von Adlern, Bienenfressern, Trappen und vielen weiteren faszinierenden V\u00f6geln, \u00a0abseits vom Massentourismus und mit Respekt vor der Natur.<\/p>\t\t\t\t\t\t\t\t<\/div>\n\t\t\t\t<\/div>\n\t\t\t\t<div class=\"elementor-element elementor-element-baf8202 elementor-widget elementor-widget-text-editor\" data-id=\"baf8202\" data-element_type=\"widget\" data-e-type=\"widget\" data-widget_type=\"text-editor.default\">\n\t\t\t\t<div class=\"elementor-widget-container\">\n\t\t\t\t\t\t\t\t\t<p>Die Liebe zur Natur und zur Fotografie begleitet mich, seit ich mich erinnern kann. Ich wurde im idyllischen Schwarzwald in Deutschland geboren, wo ich schon als Kind V\u00f6gel beobachtete und die Sch\u00f6nheit der Natur einzufangen begann.<\/p><p>Umgeben von Streuobstwiesen, duftenden Sommerfliedern und Tieren pr\u00e4gte sich meine Leidenschaft f\u00fcr die Tierwelt tief in mein Herz.<\/p><p>Meine Eltern brachten mir den Respekt f\u00fcr die Natur bei und weckten in mir die Freude, sie mit Achtsamkeit zu entdecken &#8211; eine Dankbarkeit, die mich bis heute begleitet.<\/p><p>Besonders begeistert war ich schon fr\u00fch von der Fotografie. Mit meiner ersten Kamera und einem Fernglas zog ich hinaus in die Natur, beobachtete V\u00f6gel, Schmetterlinge und andere Tiere und hielt die besonderen Momente fest. Mit Geduld und Begeisterung entwickelte ich die F\u00e4higkeit, Details und Emotionen in meinen Bildern einzufangen.<\/p><p>Seit \u00fcber 20 Jahren lebe ich nun in Spanien, einem Land voller Kontraste und beeindruckender Landschaften. Seit 2018 widme ich mich intensiv der Vogelfotografie, die mich in verschiedene Regionen Spaniens f\u00fchrt. Besonders faszinieren mich Limikolen mit ihrer Eleganz und Vielfalt sowie Steppenv\u00f6gel, die die weiten Ebenen Spaniens durchstreifen. Beide Vogelgruppen spiegeln f\u00fcr mich die Einzigartigkeit der spanischen Natur wider.<\/p><h3>Warum ein pers\u00f6nlicher Vogelfotografie Guide in Spanien?<\/h3><p>Was mich an der Vogelfotografie besonders reizt, ist weniger das einzelne Tier &#8211; sondern das, was sich fotografisch daraus ergibt:<\/p><p>Die Vielseitigkeit der Perspektiven, das Spiel aus Bewegung, Licht und Farbe.<\/p><p>Mal ist es ein leuchtender Vogel in ausgetrockneter Landschaft, mal ein getarnter Schatten im dichten Gr\u00fcn &#8211; jeder Moment bringt neue M\u00f6glichkeiten, mit Vorder- und Hintergrund, mit Sch\u00e4rfe und Form zu gestalten.<\/p><p>F\u00fcr mich ist das die spannendste Disziplin in der Naturfotografie &#8211; und genau deshalb bin ich hier.<\/p><p>Dank meiner langj\u00e4hrigen Erfahrung habe ich nicht nur fundiertes Wissen \u00fcber die Vogelwelt Spaniens aufgebaut, sondern auch eine ausgezeichnete Ortskenntnis entwickelt. Ich wei\u00df, wo sich die besten Pl\u00e4tze befinden, um die V\u00f6gel in ihrem nat\u00fcrlichen Lebensraum zu fotografieren und ich teile dieses Wissen mit gro\u00dfer Freude.<\/p><h3>Dein Vogelfotografie Guide Spanien &#8211; individuell &amp; pers\u00f6nlich<\/h3><p>Mit mir erlebst du authentische, hochwertige Fototouren, fernab des Massentourismus. Ich begleite dich zu professionellen Fotohides, durch offene Steppenlandschaften oder an stille Ufer &#8211; mit Respekt, Geduld und einem klaren Fokus auf Bildqualit\u00e4t und Naturerlebnis.<\/p><p>Mitgliedschaft &amp; verantwortungsvoller Naturschutz<\/p><p>Ich bin Mitglied von <a href=\"https:\/\/seo.org\/\" target=\"_blank\" rel=\"noopener\">SEO\/BirdLife<\/a>, der spanischen Partnerorganisation von BirdLife International.<br \/>Ein respektvoller, nachhaltiger Umgang mit Natur, Lebensr\u00e4umen und Vogelarten ist f\u00fcr mich ein zentraler Bestandteil jeder Fotoreise.<br \/>Alle Touren orientieren sich an diesem Grundsatz: intensive Naturerlebnisse erm\u00f6glichen \u2013 ohne die Tiere oder ihre Umgebung zu beeintr\u00e4chtigen.<\/p>\t\t\t\t\t\t\t\t<\/div>\n\t\t\t\t<\/div>\n\t\t\t\t<div class=\"elementor-element elementor-element-dcac65e elementor-widget elementor-widget-image\" data-id=\"dcac65e\" data-element_type=\"widget\" data-e-type=\"widget\" data-widget_type=\"image.default\">\n\t\t\t\t<div class=\"elementor-widget-container\">\n\t\t\t\t\t\t\t\t\t\t\t\t\t\t\t<img decoding=\"async\" width=\"751\" height=\"423\" src=\"https:\/\/nature-fineart.com\/vogelfotografie-spanien\/wp-content\/uploads\/2025\/01\/DSC_1859-2-1600x901.jpg\" class=\"attachment-large size-large wp-image-3807\" alt=\"Vogelfotografie Guide Spanien\" srcset=\"https:\/\/nature-fineart.com\/vogelfotografie-spanien\/wp-content\/uploads\/2025\/01\/DSC_1859-2-1600x901.jpg 1600w, https:\/\/nature-fineart.com\/vogelfotografie-spanien\/wp-content\/uploads\/2025\/01\/DSC_1859-2-600x338.jpg 600w, https:\/\/nature-fineart.com\/vogelfotografie-spanien\/wp-content\/uploads\/2025\/01\/DSC_1859-2-768x433.jpg 768w, https:\/\/nature-fineart.com\/vogelfotografie-spanien\/wp-content\/uploads\/2025\/01\/DSC_1859-2-1536x865.jpg 1536w, https:\/\/nature-fineart.com\/vogelfotografie-spanien\/wp-content\/uploads\/2025\/01\/DSC_1859-2-2048x1154.jpg 2048w, https:\/\/nature-fineart.com\/vogelfotografie-spanien\/wp-content\/uploads\/2025\/01\/DSC_1859-2-scaled.jpg 1920w\" sizes=\"(max-width: 751px) 100vw, 751px\" \/>\t\t\t\t\t\t\t\t\t\t\t\t\t\t\t<\/div>\n\t\t\t\t<\/div>\n\t\t\t\t<div class=\"elementor-element elementor-element-c6412a5 elementor-widget elementor-widget-text-editor\" data-id=\"c6412a5\" data-element_type=\"widget\" data-e-type=\"widget\" data-widget_type=\"text-editor.default\">\n\t\t\t\t<div class=\"elementor-widget-container\">\n\t\t\t\t\t\t\t\t\t<h3>Meine Ausr\u00fcstung<\/h3><p>Ich arbeite aktuell mit der Canon EOS\u202fR5 und dem Canon RF\u202f100-500\u202fmm f\/4.5-7.1 L IS USM einer leistungsstarken Kombination f\u00fcr vielf\u00e4ltige Bedingungen.<\/p><p>Als Zweitkamera kommt eine Canon EOS\u202f80D mit dem Sigma 150-600\u202fmm f\/5-6.3 Contemporary zum Einsatz, besonders f\u00fcr weite Distanzen und offene Landschaften.<\/p><p>Ich m\u00f6chte Menschen nicht nur zu gro\u00dfartigen Fotos f\u00fchren, sondern an Orte, an denen Natur echt und ungestellt stattfindet. Mit meiner Ausr\u00fcstung bin ich bestens vorbereitet, um dir authentische Naturmomente zu erm\u00f6glichen. Als Vogelfotografie Guide Spanien begleite ich dich zu den beeindruckendsten Orten der Vogelwelt. Ob in offenen Steppenlandschaften, an stillen Ufern oder in den Bergen &#8211; ich zeige dir nicht nur die besten Pl\u00e4tze, sondern auch, wie du deine eigenen einzigartigen Aufnahmen machen kannst. Gemeinsam entdecken wir die Vielfalt der spanischen Natur und erleben unvergessliche Fototouren.<\/p><p>Noch Fragen?<\/p><p>Wenn du dir unsicher bist, ob eine Tour zu dir passt &#8211; oder einfach neugierig geworden bist:<\/p><p><a href=\"https:\/\/wa.me\/+34645611335\" target=\"_blank\" rel=\"noopener\"><strong>Meld dich gerne direkt bei mir.<\/strong><\/a> Ich freue mich, von dir zu h\u00f6ren<\/p><p>Anf\u00e4nger oder Fortgeschrittener, als Vogelfotografie Guide Spanien passe ich jede Tour individuell an deine W\u00fcnsche an. So wird jede Reise zu einem einzigartigen Natur- und Fotoerlebnis. Eine \u00dcbersicht findest du <strong><a href=\"https:\/\/nature-fineart.com\/vogelfotografie-spanien\/reisen\/\">hier<\/a><\/strong>.<\/p>\t\t\t\t\t\t\t\t<\/div>\n\t\t\t\t<\/div>\n\t\t\t\t<\/div>\n\t\t\t\t\t<\/div>\n\t\t\t\t<\/div>\n\t\t\t\t<\/div>\n\t\t<div class=\"elementor-element elementor-element-0a048a1 e-con-full e-flex e-con e-parent\" data-id=\"0a048a1\" data-element_type=\"container\" data-e-type=\"container\">\n\t\t\t\t<div class=\"elementor-element elementor-element-4fd8550 elementor-widget-divider--view-line elementor-widget elementor-widget-divider\" data-id=\"4fd8550\" data-element_type=\"widget\" data-e-type=\"widget\" data-widget_type=\"divider.default\">\n\t\t\t\t<div class=\"elementor-widget-container\">\n\t\t\t\t\t\t\t<div class=\"elementor-divider\">\n\t\t\t<span class=\"elementor-divider-separator\">\n\t\t\t\t\t\t<\/span>\n\t\t<\/div>\n\t\t\t\t\t\t<\/div>\n\t\t\t\t<\/div>\n\t\t\t\t<div class=\"elementor-element elementor-element-20c94f5 elementor-widget elementor-widget-text-editor\" data-id=\"20c94f5\" data-element_type=\"widget\" data-e-type=\"widget\" data-widget_type=\"text-editor.default\">\n\t\t\t\t<div class=\"elementor-widget-container\">\n\t\t\t\t\t\t\t\t\t<p>Fragen zu einer Reise oder Interesse an einer individuellen Tour?<br \/>Schreib mir gern per WhatsApp oder wirf einen Blick in die Tour\u00fcbersicht.<br \/>F\u00fcr eine unverbindliche Anfrage kannst du auch direkt das Kontaktformular nutzen.<\/p>\t\t\t\t\t\t\t\t<\/div>\n\t\t\t\t<\/div>\n\t\t\t\t<div class=\"elementor-element elementor-element-a28dbc1 elementor-widget elementor-widget-shortcode\" data-id=\"a28dbc1\" data-element_type=\"widget\" data-e-type=\"widget\" data-widget_type=\"shortcode.default\">\n\t\t\t\t<div class=\"elementor-widget-container\">\n\t\t\t\t\t\t\t<div class=\"elementor-shortcode\"><style id=\"wpforms-css-vars-5929\">\n\t\t\t\t#wpforms-5929 {\n\t\t\t\t--wpforms-field-border-color: #5E5E5E;\n--wpforms-field-border-color-spare: #5E5E5E;\n--wpforms-field-text-color: #5e5e5e;\n--wpforms-label-color: #5e5e5e;\n--wpforms-label-sublabel-color: #5e5e5e;\n--wpforms-button-background-color: #6e7b4a;\n--wpforms-container-padding: 0px;\n--wpforms-container-border-width: 1px;\n--wpforms-container-border-radius: 3px;\n--wpforms-background-color: rgba(0, 0, 0, 0);\n--wpforms-field-size-input-height: 43px;\n--wpforms-field-size-input-spacing: 15px;\n--wpforms-field-size-font-size: 16px;\n--wpforms-field-size-line-height: 19px;\n--wpforms-field-size-padding-h: 14px;\n--wpforms-field-size-checkbox-size: 16px;\n--wpforms-field-size-sublabel-spacing: 5px;\n--wpforms-field-size-icon-size: 1;\n--wpforms-label-size-font-size: 16px;\n--wpforms-label-size-line-height: 19px;\n--wpforms-label-size-sublabel-font-size: 14px;\n--wpforms-label-size-sublabel-line-height: 17px;\n--wpforms-button-size-font-size: 17px;\n--wpforms-button-size-height: 41px;\n--wpforms-button-size-padding-h: 15px;\n--wpforms-button-size-margin-top: 10px;\n--wpforms-container-shadow-size-box-shadow: none;\n\t\t\t}\n\t\t\t<\/style><div class=\"wpforms-container wpforms-container-full wpforms-render-modern\" id=\"wpforms-5929\"><form id=\"wpforms-form-5929\" class=\"wpforms-validate wpforms-form wpforms-ajax-form\" data-formid=\"5929\" method=\"post\" enctype=\"multipart\/form-data\" action=\"\/vogelfotografie-spanien\/wp-json\/wp\/v2\/pages\/1396\" data-token=\"a7208ddbbf8d38fc013a116477d272ee\" data-token-time=\"1776604469\"><noscript class=\"wpforms-error-noscript\">Bitte aktiviere JavaScript in deinem Browser, um dieses Formular fertigzustellen.<\/noscript><div id=\"wpforms-error-noscript\" style=\"display: none;\">Bitte aktiviere JavaScript in deinem Browser, um dieses Formular fertigzustellen.<\/div><div class=\"wpforms-field-container\"><div id=\"wpforms-5929-field_1-container\" class=\"wpforms-field wpforms-field-name\" data-field-id=\"1\"><fieldset><legend class=\"wpforms-field-label\">Name <span class=\"wpforms-required-label\" aria-hidden=\"true\">*<\/span><\/legend><div class=\"wpforms-field-row wpforms-field-medium\"><div class=\"wpforms-field-row-block wpforms-first wpforms-one-half\"><input type=\"text\" id=\"wpforms-5929-field_1\" class=\"wpforms-field-name-first wpforms-field-required\" name=\"wpforms[fields][1][first]\" aria-errormessage=\"wpforms-5929-field_1-error\" required><label for=\"wpforms-5929-field_1\" class=\"wpforms-field-sublabel after\">Vorname<\/label><\/div><div class=\"wpforms-field-row-block wpforms-one-half\"><input type=\"text\" id=\"wpforms-5929-field_1-last\" class=\"wpforms-field-name-last wpforms-field-required\" name=\"wpforms[fields][1][last]\" aria-errormessage=\"wpforms-5929-field_1-last-error\" required><label for=\"wpforms-5929-field_1-last\" class=\"wpforms-field-sublabel after\">Nachname<\/label><\/div><\/div><\/fieldset><\/div><div id=\"wpforms-5929-field_2-container\" class=\"wpforms-field wpforms-field-email\" data-field-id=\"2\"><label class=\"wpforms-field-label\" for=\"wpforms-5929-field_2\">E-Mail-Adresse <span class=\"wpforms-required-label\" aria-hidden=\"true\">*<\/span><\/label><input type=\"email\" id=\"wpforms-5929-field_2\" class=\"wpforms-field-medium wpforms-field-required\" name=\"wpforms[fields][2]\" spellcheck=\"false\" aria-errormessage=\"wpforms-5929-field_2-error\" required><\/div>\t\t<div id=\"wpforms-5929-field_4-container\"\n\t\t\tclass=\"wpforms-field wpforms-field-text\"\n\t\t\tdata-field-type=\"text\"\n\t\t\tdata-field-id=\"4\"\n\t\t\t>\n\t\t\t<label class=\"wpforms-field-label\" for=\"wpforms-5929-field_4\" >E-Mail-Adresse oder Kommentar<\/label>\n\t\t\t<input type=\"text\" id=\"wpforms-5929-field_4\" class=\"wpforms-field-medium\" name=\"wpforms[fields][4]\" >\n\t\t<\/div>\n\t\t<div id=\"wpforms-5929-field_3-container\" class=\"wpforms-field wpforms-field-textarea\" data-field-id=\"3\"><label class=\"wpforms-field-label\" for=\"wpforms-5929-field_3\">Kommentar oder Nachricht<\/label><textarea id=\"wpforms-5929-field_3\" class=\"wpforms-field-medium\" name=\"wpforms[fields][3]\" aria-errormessage=\"wpforms-5929-field_3-error\" ><\/textarea><\/div><script>\n\t\t\t\t( function() {\n\t\t\t\t\tconst style = document.createElement( 'style' );\n\t\t\t\t\tstyle.appendChild( document.createTextNode( '#wpforms-5929-field_4-container { position: absolute !important; overflow: hidden !important; display: inline !important; height: 1px !important; width: 1px !important; z-index: -1000 !important; padding: 0 !important; } #wpforms-5929-field_4-container input { visibility: hidden; } #wpforms-conversational-form-page #wpforms-5929-field_4-container label { counter-increment: none; }' ) );\n\t\t\t\t\tdocument.head.appendChild( style );\n\t\t\t\t\tdocument.currentScript?.remove();\n\t\t\t\t} )();\n\t\t\t<\/script><\/div><!-- .wpforms-field-container --><div class=\"wpforms-submit-container\" ><input type=\"hidden\" name=\"wpforms[id]\" value=\"5929\"><input type=\"hidden\" name=\"page_title\" value=\"\"><input type=\"hidden\" name=\"page_url\" value=\"https:\/\/nature-fineart.com\/vogelfotografie-spanien\/wp-json\/wp\/v2\/pages\/1396\"><input type=\"hidden\" name=\"url_referer\" value=\"\"><button type=\"submit\" name=\"wpforms[submit]\" id=\"wpforms-submit-5929\" class=\"wpforms-submit\" data-alt-text=\"Wird gesendet\u00a0\u2026\" data-submit-text=\"Anfrage senden\" aria-live=\"assertive\" value=\"wpforms-submit\">Anfrage senden<\/button><img decoding=\"async\" src=\"https:\/\/nature-fineart.com\/vogelfotografie-spanien\/wp-content\/plugins\/wpforms-lite\/assets\/images\/submit-spin.svg\" class=\"wpforms-submit-spinner\" style=\"display: none;\" width=\"26\" height=\"26\" alt=\"Wird geladen\"><\/div><\/form><\/div>  <!-- .wpforms-container --><\/div>\n\t\t\t\t\t\t<\/div>\n\t\t\t\t<\/div>\n\t\t\t\t<\/div>\n\t\t\t\t<\/div>\n\t\t","protected":false},"excerpt":{"rendered":"<p>\u00dcber mich Christoph Bittenbinder Mit dem Blick f\u00fcrs Besondere Dein Vogelfotografie-Guide Spanien Vogelfotografie Guide Spanien &#8211; als dein pers\u00f6nlicher Guide begleite ich dich zu den besten Spots f\u00fcr einzigartige Naturaufnahmen. Mit jahrelanger Erfahrung in der Vogel- und Naturfotografie kenne ich nicht nur die Hotspots, sondern auch das Verhalten der Arten und die idealen Lichtverh\u00e4ltnisse. So&#8230;<\/p>\n","protected":false},"author":2,"featured_media":0,"parent":0,"menu_order":0,"comment_status":"closed","ping_status":"closed","template":"","meta":{"footnotes":""},"class_list":["post-1396","page","type-page","status-publish","hentry"],"_links":{"self":[{"href":"https:\/\/nature-fineart.com\/vogelfotografie-spanien\/wp-json\/wp\/v2\/pages\/1396","targetHints":{"allow":["GET"]}}],"collection":[{"href":"https:\/\/nature-fineart.com\/vogelfotografie-spanien\/wp-json\/wp\/v2\/pages"}],"about":[{"href":"https:\/\/nature-fineart.com\/vogelfotografie-spanien\/wp-json\/wp\/v2\/types\/page"}],"author":[{"embeddable":true,"href":"https:\/\/nature-fineart.com\/vogelfotografie-spanien\/wp-json\/wp\/v2\/users\/2"}],"replies":[{"embeddable":true,"href":"https:\/\/nature-fineart.com\/vogelfotografie-spanien\/wp-json\/wp\/v2\/comments?post=1396"}],"version-history":[{"count":204,"href":"https:\/\/nature-fineart.com\/vogelfotografie-spanien\/wp-json\/wp\/v2\/pages\/1396\/revisions"}],"predecessor-version":[{"id":7412,"href":"https:\/\/nature-fineart.com\/vogelfotografie-spanien\/wp-json\/wp\/v2\/pages\/1396\/revisions\/7412"}],"wp:attachment":[{"href":"https:\/\/nature-fineart.com\/vogelfotografie-spanien\/wp-json\/wp\/v2\/media?parent=1396"}],"curies":[{"name":"wp","href":"https:\/\/api.w.org\/{rel}","templated":true}]}}