{"id":3822,"date":"2025-01-18T22:50:01","date_gmt":"2025-01-18T21:50:01","guid":{"rendered":"https:\/\/nature-fineart.com\/vogelfotografie-spanien\/?page_id=3822"},"modified":"2025-12-29T00:49:46","modified_gmt":"2025-12-28T23:49:46","slug":"mehr-information-zum-service-der-fotohides","status":"publish","type":"page","link":"https:\/\/nature-fineart.com\/vogelfotografie-spanien\/mehr-information-zum-service-der-fotohides\/","title":{"rendered":"Mehr Information zum Service der Fotohides"},"content":{"rendered":"\t\t<div data-elementor-type=\"wp-page\" data-elementor-id=\"3822\" class=\"elementor elementor-3822\">\n\t\t\t\t<div class=\"elementor-element elementor-element-55c6db4 e-flex e-con-boxed e-con e-parent\" data-id=\"55c6db4\" data-element_type=\"container\" data-e-type=\"container\">\n\t\t\t\t\t<div class=\"e-con-inner\">\n\t\t\r\n\t\t<div class=\"elementor-element elementor-element-b012d8c elementor-widget elementor-widget-text-editor\" data-id=\"b012d8c\" data-element_type=\"widget\" data-e-type=\"widget\" data-widget_type=\"text-editor.default\">\n\t\t\t\t<div class=\"elementor-widget-container\">\n\t\t\t\t\t\t\t\t\t<p>Erlebnis Fotohides &#8211; Naturfotografie mit Respekt und Komfort<\/p><p>Die Fotohides, die ich f\u00fcr meine Reisen ausw\u00e4hle, werden von erfahrenen, lokalen Anbietern betreut, mit denen ich eng zusammenarbeite. Alle verf\u00fcgen \u00fcber die n\u00f6tigen Lizenzen f\u00fcr die Tierfotografie und legen gro\u00dfen Wert auf Tierschutz, Artenvielfalt und eine m\u00f6glichst st\u00f6rungsfreie Nutzung der Natur.<\/p><p>Die Ausstattung variiert je nach Region, Art und Jahreszeit: Manche Hides sind dauerhaft installiert und bieten bequeme Sitzm\u00f6glichkeiten, andere bestehen nur vor\u00fcbergehend aus Tarnmaterial und sind besonders minimalistisch gebaut, um m\u00f6glichst wenig Spuren in der Natur zu hinterlassen. Gemeinsam ist allen: Sie bringen dich so nah wie m\u00f6glich an beeindruckende Tiermotive, ohne die Tiere zu st\u00f6ren.<\/p><p>\u2e3b<\/p><p>Spiegelglas-Hides<\/p><p>Einige feste Hides sind mit Spiegelscheiben ausgestattet. Diese sch\u00fctzen nicht nur vor Wind und Wetter, sondern erm\u00f6glichen dir auch, unbemerkt zu fotografieren, da Tiere dich nicht sehen k\u00f6nnen.<br \/>Du solltest dabei beachten: Durch die Glasschicht kann etwas Licht verloren gehen, je nach Situation musst du hier mit ca. 1-2 Blendenstufen anpassen.<\/p><p>\u2e3b<\/p><p>Tipps zur Nutzung der Hides<br \/>\u2022 Die meisten Hides haben keine Toilette. F\u00fcr l\u00e4ngere Sessions, oft von Sonnenaufgang bis Sonnenuntergang &#8211; solltest du entsprechend vorbereitet sein.<br \/>\u2022 Vermeide abrupte Bewegungen und Ger\u00e4usche, \u00a0Tiere reagieren sensibel auf jede St\u00f6rung.<br \/>\u2022 Ein vorzeitiges Verlassen des Hides ist nur in Ausnahmef\u00e4llen oder nach Absprache mit dem Betreiber erlaubt, um St\u00f6rungen der Wildtiere zu vermeiden.<br \/>\u2022 Stativ, Kleidung, Kamera &#8211; alles sollte im Hide leise, stabil und griffbereit sein.<\/p><p>\u2e3b<\/p><p>Ein Erlebnis, das bleibt<\/p><p>Ein Tag im Fotohide ist mehr als nur ein Ort f\u00fcr ein gutes Foto:<br \/>Du beobachtest Wildtiere in v\u00f6lliger Ruhe, oft \u00fcber Stunden, lernst ihr Verhalten kennen, wartest, hoffst, reagierst im richtigen Moment.<br \/>Diese Art der Fotografie schafft N\u00e4he zur Natur, ohne sie zu verletzen.<\/p><p>Jede Reise mit Hide-Anteil ist nicht nur ein unvergessliches Erlebnis &#8211;\u00a0<br \/>sondern auch ein kleiner, nachhaltiger Beitrag zum Naturschutz.<\/p>\t\t\t\t\t\t\t\t<\/div>\n\t\t\t\t<\/div>\n\t\t\t\t<div class=\"elementor-element elementor-element-09d35ec elementor-widget elementor-widget-image\" data-id=\"09d35ec\" data-element_type=\"widget\" data-e-type=\"widget\" data-widget_type=\"image.default\">\n\t\t\t\t<div class=\"elementor-widget-container\">\n\t\t\t\t\t\t\t\t\t\t\t\t\t\t\t<img fetchpriority=\"high\" decoding=\"async\" width=\"300\" height=\"225\" src=\"https:\/\/nature-fineart.com\/vogelfotografie-spanien\/wp-content\/uploads\/2025\/01\/IMG_20230725_113648422_HDR-1-scaled.jpg\" class=\"attachment-thumbnail size-thumbnail wp-image-3823\" alt=\"\" \/>\t\t\t\t\t\t\t\t\t\t\t\t\t\t\t<\/div>\n\t\t\t\t<\/div>\n\t\t\t\t\t<\/div>\n\t\t\t\t<\/div>\n\t\t\t\t<\/div>\n\t\t","protected":false},"excerpt":{"rendered":"<p>Erlebnis Fotohides &#8211; Naturfotografie mit Respekt und Komfort Die Fotohides, die ich f\u00fcr meine Reisen ausw\u00e4hle, werden von erfahrenen, lokalen Anbietern betreut, mit denen ich eng zusammenarbeite. Alle verf\u00fcgen \u00fcber die n\u00f6tigen Lizenzen f\u00fcr die Tierfotografie und legen gro\u00dfen Wert auf Tierschutz, Artenvielfalt und eine m\u00f6glichst st\u00f6rungsfreie Nutzung der Natur. Die Ausstattung variiert je nach&#8230;<\/p>\n","protected":false},"author":2,"featured_media":0,"parent":0,"menu_order":0,"comment_status":"closed","ping_status":"closed","template":"","meta":{"footnotes":""},"class_list":["post-3822","page","type-page","status-publish","hentry"],"_links":{"self":[{"href":"https:\/\/nature-fineart.com\/vogelfotografie-spanien\/wp-json\/wp\/v2\/pages\/3822","targetHints":{"allow":["GET"]}}],"collection":[{"href":"https:\/\/nature-fineart.com\/vogelfotografie-spanien\/wp-json\/wp\/v2\/pages"}],"about":[{"href":"https:\/\/nature-fineart.com\/vogelfotografie-spanien\/wp-json\/wp\/v2\/types\/page"}],"author":[{"embeddable":true,"href":"https:\/\/nature-fineart.com\/vogelfotografie-spanien\/wp-json\/wp\/v2\/users\/2"}],"replies":[{"embeddable":true,"href":"https:\/\/nature-fineart.com\/vogelfotografie-spanien\/wp-json\/wp\/v2\/comments?post=3822"}],"version-history":[{"count":19,"href":"https:\/\/nature-fineart.com\/vogelfotografie-spanien\/wp-json\/wp\/v2\/pages\/3822\/revisions"}],"predecessor-version":[{"id":6636,"href":"https:\/\/nature-fineart.com\/vogelfotografie-spanien\/wp-json\/wp\/v2\/pages\/3822\/revisions\/6636"}],"wp:attachment":[{"href":"https:\/\/nature-fineart.com\/vogelfotografie-spanien\/wp-json\/wp\/v2\/media?parent=3822"}],"curies":[{"name":"wp","href":"https:\/\/api.w.org\/{rel}","templated":true}]}}