{"id":3839,"date":"2025-01-19T15:48:48","date_gmt":"2025-01-19T14:48:48","guid":{"rendered":"https:\/\/nature-fineart.com\/vogelfotografie-spanien\/?page_id=3839"},"modified":"2025-12-29T00:50:15","modified_gmt":"2025-12-28T23:50:15","slug":"mehr-information-zum-service-der-hotels","status":"publish","type":"page","link":"https:\/\/nature-fineart.com\/vogelfotografie-spanien\/mehr-information-zum-service-der-hotels\/","title":{"rendered":"Mehr Information zum Service der Hotels und Unterk\u00fcnfte"},"content":{"rendered":"\t\t<div data-elementor-type=\"wp-page\" data-elementor-id=\"3839\" class=\"elementor elementor-3839\">\n\t\t\t\t<div class=\"elementor-element elementor-element-0973698 e-flex e-con-boxed e-con e-parent\" data-id=\"0973698\" data-element_type=\"container\" data-e-type=\"container\">\n\t\t\t\t\t<div class=\"e-con-inner\">\n\t\t\r\n\t\t<div class=\"elementor-element elementor-element-0dd5c46 elementor-widget elementor-widget-text-editor\" data-id=\"0dd5c46\" data-element_type=\"widget\" data-e-type=\"widget\" data-widget_type=\"text-editor.default\">\n\t\t\t\t<div class=\"elementor-widget-container\">\n\t\t\t\t\t\t\t\t\t<p><strong>Unsere Unterk\u00fcnfte &#8211; authentisch, herzlich und passend zur Reise<\/strong><\/p><p>Auf unseren Reisen \u00fcbernachtest du in sorgf\u00e4ltig ausgew\u00e4hlten, kleinen Hotels, Landh\u00e4usern oder Pensionen, je nach Region.<br \/>Uns ist wichtig, dass du nicht nur ein Dach \u00fcber dem Kopf hast, sondern dich nach einem langen Tag drau\u00dfen wirklich wohlf\u00fchlst.<\/p><p>Die meisten Unterk\u00fcnfte sind einfach, aber gem\u00fctlich, oft famili\u00e4r gef\u00fchrt und liegen m\u00f6glichst nah an unseren Fotospots. Viele arbeiten mit regionalen Produkten, haben eine pers\u00f6nliche Atmosph\u00e4re und bieten dir eine ruhige Umgebung zum Ausruhen, Sichten, Laden und Vorfreuen auf den n\u00e4chsten Tag.<\/p><p>\u2e3b<\/p><p>Was du wissen solltest<br \/>\u2022 In Spanien ist die Bauweise vieler H\u00e4user nicht so schallisoliert wie in Mitteleuropa. Das kann dazu f\u00fchren, dass es gelegentlich etwas hellh\u00f6riger ist, gerade in l\u00e4ndlichen Unterk\u00fcnften.<br \/>\u2022 Wenn du besonderen Wert auf ein Einzelzimmer legst oder gemeinsam mit jemandem buchen m\u00f6chtest, gib mir einfach Bescheid, ich plane das mit ein.<\/p><p>\u2022 Die Unterk\u00fcnfte werden von Nature-Fineart im Namen der Teilnehmenden organisiert und reserviert.<br \/>Die Abrechnung erfolgt entweder direkt mit der Unterkunft oder \u00fcber die Gesamtrechnung der Fotoreise.<br \/>Nature-Fineart handelt dabei nicht als Reiseveranstalter, sondern \u00fcbernimmt ausschlie\u00dflich die Organisation und Koordination der Unterkunft.<br \/>Der Vertrag \u00fcber die Beherbergung besteht direkt zwischen dem Teilnehmenden und der jeweiligen Unterkunft.<\/p><p>\u2e3b<\/p><p>Dein R\u00fcckzugsort &#8211; mitten im Naturerlebnis<\/p><p>Die Unterk\u00fcnfte auf unseren Reisen sind kein Luxus &#8211; aber ehrlich, lokal, warm und echt.<br \/>Sie geben dir Raum f\u00fcr Ruhe, kurze Wege zu den Motiven und oft auch den direkten Kontakt zu Menschen vor Ort.<\/p><p>F\u00fcr mich geh\u00f6rt das genauso zur Reise wie die Fotomotive selbst &#8211;<br \/>und ich tue mein Bestes, damit du dich auch abseits der Kamera gut aufgehoben f\u00fchlst.<\/p>\t\t\t\t\t\t\t\t<\/div>\n\t\t\t\t<\/div>\n\t\t\t\t<div class=\"elementor-element elementor-element-fa05d10 elementor-widget elementor-widget-image\" data-id=\"fa05d10\" data-element_type=\"widget\" data-e-type=\"widget\" data-widget_type=\"image.default\">\n\t\t\t\t<div class=\"elementor-widget-container\">\n\t\t\t\t\t\t\t\t\t\t\t\t\t\t\t<img fetchpriority=\"high\" decoding=\"async\" width=\"300\" height=\"300\" src=\"https:\/\/nature-fineart.com\/vogelfotografie-spanien\/wp-content\/uploads\/2025\/01\/Hotel-Spanien-300x300.png\" class=\"attachment-thumbnail size-thumbnail wp-image-3878\" alt=\"\" srcset=\"https:\/\/nature-fineart.com\/vogelfotografie-spanien\/wp-content\/uploads\/2025\/01\/Hotel-Spanien-300x300.png 300w, https:\/\/nature-fineart.com\/vogelfotografie-spanien\/wp-content\/uploads\/2025\/01\/Hotel-Spanien-85x85.png 85w\" sizes=\"(max-width: 300px) 100vw, 300px\" \/>\t\t\t\t\t\t\t\t\t\t\t\t\t\t\t<\/div>\n\t\t\t\t<\/div>\n\t\t\t\t\t<\/div>\n\t\t\t\t<\/div>\n\t\t\t\t<\/div>\n\t\t","protected":false},"excerpt":{"rendered":"<p>Unsere Unterk\u00fcnfte &#8211; authentisch, herzlich und passend zur Reise Auf unseren Reisen \u00fcbernachtest du in sorgf\u00e4ltig ausgew\u00e4hlten, kleinen Hotels, Landh\u00e4usern oder Pensionen, je nach Region.Uns ist wichtig, dass du nicht nur ein Dach \u00fcber dem Kopf hast, sondern dich nach einem langen Tag drau\u00dfen wirklich wohlf\u00fchlst. Die meisten Unterk\u00fcnfte sind einfach, aber gem\u00fctlich, oft famili\u00e4r&#8230;<\/p>\n","protected":false},"author":2,"featured_media":0,"parent":0,"menu_order":0,"comment_status":"closed","ping_status":"closed","template":"","meta":{"footnotes":""},"class_list":["post-3839","page","type-page","status-publish","hentry"],"_links":{"self":[{"href":"https:\/\/nature-fineart.com\/vogelfotografie-spanien\/wp-json\/wp\/v2\/pages\/3839","targetHints":{"allow":["GET"]}}],"collection":[{"href":"https:\/\/nature-fineart.com\/vogelfotografie-spanien\/wp-json\/wp\/v2\/pages"}],"about":[{"href":"https:\/\/nature-fineart.com\/vogelfotografie-spanien\/wp-json\/wp\/v2\/types\/page"}],"author":[{"embeddable":true,"href":"https:\/\/nature-fineart.com\/vogelfotografie-spanien\/wp-json\/wp\/v2\/users\/2"}],"replies":[{"embeddable":true,"href":"https:\/\/nature-fineart.com\/vogelfotografie-spanien\/wp-json\/wp\/v2\/comments?post=3839"}],"version-history":[{"count":20,"href":"https:\/\/nature-fineart.com\/vogelfotografie-spanien\/wp-json\/wp\/v2\/pages\/3839\/revisions"}],"predecessor-version":[{"id":6639,"href":"https:\/\/nature-fineart.com\/vogelfotografie-spanien\/wp-json\/wp\/v2\/pages\/3839\/revisions\/6639"}],"wp:attachment":[{"href":"https:\/\/nature-fineart.com\/vogelfotografie-spanien\/wp-json\/wp\/v2\/media?parent=3839"}],"curies":[{"name":"wp","href":"https:\/\/api.w.org\/{rel}","templated":true}]}}