
{"id":3892,"date":"2025-01-19T19:18:40","date_gmt":"2025-01-19T18:18:40","guid":{"rendered":"https:\/\/nature-fineart.com\/vogelfotografie-spanien\/?page_id=3892"},"modified":"2025-12-29T00:45:52","modified_gmt":"2025-12-28T23:45:52","slug":"mehr-information-service-fotoausrustung","status":"publish","type":"page","link":"https:\/\/nature-fineart.com\/vogelfotografie-spanien\/mehr-information-service-fotoausrustung\/","title":{"rendered":"Mehr Information Service Fotoausr\u00fcstung und Ausstattung"},"content":{"rendered":"\t\t<div data-elementor-type=\"wp-page\" data-elementor-id=\"3892\" class=\"elementor elementor-3892\">\n\t\t\t\t<div class=\"elementor-element elementor-element-744bafd e-flex e-con-boxed e-con e-parent\" data-id=\"744bafd\" data-element_type=\"container\" data-e-type=\"container\">\n\t\t\t\t\t<div class=\"e-con-inner\">\n\t\t\t\t<div class=\"elementor-element elementor-element-ce86f57 elementor-widget elementor-widget-text-editor\" data-id=\"ce86f57\" data-element_type=\"widget\" data-e-type=\"widget\" data-widget_type=\"text-editor.default\">\n\t\t\t\t<div class=\"elementor-widget-container\">\n\t\t\t\t\t\t\t\t\t<p>Fotoausr\u00fcstung f\u00fcr die Vogel- und Wildtierfotografie<\/p><p>F\u00fcr beeindruckende Aufnahmen &#8211; besonders aus dem Fotohide &#8211; \u00a0ist die passende Ausr\u00fcstung entscheidend.<br \/>Ich empfehle dir ein Teleobjektiv mit einer Brennweite zwischen 400\u202fmm und 600\u202fmm, am besten ein Zoomobjektiv, das dir Flexibilit\u00e4t gibt, um schnell auf verschiedene Distanzen zu reagieren.<\/p><p>Ein Objektiv mit gr\u00f6\u00dferer Blenden\u00f6ffnung (z.\u202fB. f\/5.6 oder besser) ist hilfreich, vor allem bei schwachem Licht, etwa fr\u00fch am Morgen oder bei bedecktem Himmel. Damit bekommst du mehr Licht ins Bild und erzielst die typische weiche Hintergrundunsch\u00e4rfe, die viele Tierportr\u00e4ts so lebendig macht.<\/p><p>Auch die Wahl der Kamera spielt eine Rolle: Eine spiegellose Systemkamera bringt Vorteile bei der Serienbildrate, beim Autofokus und beim Rauschverhalten. Aber nat\u00fcrlich: Auch mit einer gut eingestellten DSLR (Spiegelreflex) kannst du hervorragende Ergebnisse erzielen.<\/p><p>Ein stabiles Stativ ist in jedem Fall Pflicht. Es hilft, Verwacklungen zu vermeiden, sorgt f\u00fcr mehr Bildsch\u00e4rfe und verhindert, dass du durch Bewegungen im Hide Tiere vertreibst.<\/p><p>\u2e3b<\/p><p>Was du au\u00dferdem einplanen solltest:<br \/>\u2022 Speicherkarten und Akkus in ausreichender Anzahl &#8211; Hidesessions k\u00f6nnen viele Stunden dauern, und es wird oft mehr fotografiert, als man denkt.<br \/>\u2022 Kabel, Ladeger\u00e4te, Kartenleser &#8211; damit du deine Bilder abends sichern und neu starten kannst.<br \/>\u2022 Robuste Tasche oder Rucksack, wetterfest und handlich &#8211; oft sind wir auf Feldwegen oder unebenem Gel\u00e4nde unterwegs.<br \/>\u2022 Optional: Regenschutz f\u00fcr Kamera und Objektiv, besonders in Feuchtgebieten oder an windigen Tagen.<\/p><p>An den meisten Hides gibt es keine M\u00f6glichkeit, Equipment nachzukaufen oder aufzuladen. Plane daher lieber etwas gro\u00dfz\u00fcgiger &#8211; dann bist du f\u00fcr mehrere Tage unabh\u00e4ngig.<\/p><p>\u2e3b<\/p><p>Noch ein Tipp:<\/p><p>Wenn du deine Ausr\u00fcstung nicht mitbringen kannst oder m\u00f6chtest: Es besteht die M\u00f6glichkeit, eine Kamera oder Objektive zu leihen. Sprich mich einfach vorher an, ich helfe dir gerne weiter.<\/p><p>\u2e3b<\/p><p>Mit einer gut vorbereiteten Ausr\u00fcstung bist du bereit, die faszinierende Welt der V\u00f6gel und Wildtiere in ihrer ganzen Sch\u00f6nheit einzufangen &#8211; ob fliegend, lauernd oder versteckt im Licht.<\/p>\t\t\t\t\t\t\t\t<\/div>\n\t\t\t\t<\/div>\n\t\t\t\t<div class=\"elementor-element elementor-element-e7ed834 elementor-widget elementor-widget-image\" data-id=\"e7ed834\" data-element_type=\"widget\" data-e-type=\"widget\" data-widget_type=\"image.default\">\n\t\t\t\t<div class=\"elementor-widget-container\">\n\t\t\t\t\t\t\t\t\t\t\t\t\t\t\t<img fetchpriority=\"high\" decoding=\"async\" width=\"300\" height=\"300\" src=\"https:\/\/nature-fineart.com\/vogelfotografie-spanien\/wp-content\/uploads\/2025\/01\/Fotoausrustung-300x300.png\" class=\"attachment-thumbnail size-thumbnail wp-image-3880\" alt=\"\" srcset=\"https:\/\/nature-fineart.com\/vogelfotografie-spanien\/wp-content\/uploads\/2025\/01\/Fotoausrustung-300x300.png 300w, https:\/\/nature-fineart.com\/vogelfotografie-spanien\/wp-content\/uploads\/2025\/01\/Fotoausrustung-85x85.png 85w\" sizes=\"(max-width: 300px) 100vw, 300px\" \/>\t\t\t\t\t\t\t\t\t\t\t\t\t\t\t<\/div>\n\t\t\t\t<\/div>\n\t\t\t\t\t<\/div>\n\t\t\t\t<\/div>\n\t\t\t\t<\/div>\n\t\t","protected":false},"excerpt":{"rendered":"<p>Fotoausr\u00fcstung f\u00fcr die Vogel- und Wildtierfotografie F\u00fcr beeindruckende Aufnahmen &#8211; besonders aus dem Fotohide &#8211; \u00a0ist die passende Ausr\u00fcstung entscheidend.Ich empfehle dir ein Teleobjektiv mit einer Brennweite zwischen 400\u202fmm und 600\u202fmm, am besten ein Zoomobjektiv, das dir Flexibilit\u00e4t gibt, um schnell auf verschiedene Distanzen zu reagieren. Ein Objektiv mit gr\u00f6\u00dferer Blenden\u00f6ffnung (z.\u202fB. f\/5.6 oder besser)&#8230;<\/p>\n","protected":false},"author":2,"featured_media":0,"parent":0,"menu_order":0,"comment_status":"closed","ping_status":"closed","template":"","meta":{"footnotes":""},"class_list":["post-3892","page","type-page","status-publish","hentry"],"_links":{"self":[{"href":"https:\/\/nature-fineart.com\/vogelfotografie-spanien\/wp-json\/wp\/v2\/pages\/3892","targetHints":{"allow":["GET"]}}],"collection":[{"href":"https:\/\/nature-fineart.com\/vogelfotografie-spanien\/wp-json\/wp\/v2\/pages"}],"about":[{"href":"https:\/\/nature-fineart.com\/vogelfotografie-spanien\/wp-json\/wp\/v2\/types\/page"}],"author":[{"embeddable":true,"href":"https:\/\/nature-fineart.com\/vogelfotografie-spanien\/wp-json\/wp\/v2\/users\/2"}],"replies":[{"embeddable":true,"href":"https:\/\/nature-fineart.com\/vogelfotografie-spanien\/wp-json\/wp\/v2\/comments?post=3892"}],"version-history":[{"count":14,"href":"https:\/\/nature-fineart.com\/vogelfotografie-spanien\/wp-json\/wp\/v2\/pages\/3892\/revisions"}],"predecessor-version":[{"id":6623,"href":"https:\/\/nature-fineart.com\/vogelfotografie-spanien\/wp-json\/wp\/v2\/pages\/3892\/revisions\/6623"}],"wp:attachment":[{"href":"https:\/\/nature-fineart.com\/vogelfotografie-spanien\/wp-json\/wp\/v2\/media?parent=3892"}],"curies":[{"name":"wp","href":"https:\/\/api.w.org\/{rel}","templated":true}]}}