{"id":4129,"date":"2025-01-29T23:26:29","date_gmt":"2025-01-29T22:26:29","guid":{"rendered":"https:\/\/nature-fineart.com\/vogelfotografie-spanien\/?page_id=4129"},"modified":"2025-11-11T10:22:24","modified_gmt":"2025-11-11T09:22:24","slug":"impressum","status":"publish","type":"page","link":"https:\/\/nature-fineart.com\/vogelfotografie-spanien\/impressum\/","title":{"rendered":"Impressum"},"content":{"rendered":"\t\t<div data-elementor-type=\"wp-page\" data-elementor-id=\"4129\" class=\"elementor elementor-4129\">\n\t\t\t\t<div class=\"elementor-element elementor-element-221b1d8 e-flex e-con-boxed e-con e-parent\" data-id=\"221b1d8\" data-element_type=\"container\" data-e-type=\"container\">\n\t\t\t\t\t<div class=\"e-con-inner\">\n\t\t\r\n\t\t<div class=\"elementor-element elementor-element-ca4eeeb elementor-widget elementor-widget-text-editor\" data-id=\"ca4eeeb\" data-element_type=\"widget\" data-e-type=\"widget\" data-widget_type=\"text-editor.default\">\n\t\t\t\t<div class=\"elementor-widget-container\">\n\t\t\t\t\t\t\t\t\t<p>Angaben gem\u00e4\u00df Artikel 10 des spanischen Gesetzes 34\/2002 (LSSI-CE):<\/p><p>Inhaber der Webseite:<\/p><p>Christoph Bittenbinder<\/p><p>Calle General Cadenas Campos<\/p><p>28039 Madrid, Spanien<\/p><p>Kontakt:<\/p><p>Telefon: +34 645611335<\/p><p>E-Mail: <a href=\"mailto:info@nature-fineart.com\">info@nature-fineart.com<\/a><\/p><p>Webseite: <a href=\"http:\/\/www.nature-fineart.com\/\">www.nature-fineart.com<\/a><\/p><p>Steuerliche Angaben:<\/p><p>NIE (N\u00famero de Identificaci\u00f3n de Extranjero): X7564244G<\/p><p>Umsatzsteuer-Identifikationsnummer (sofern vorhanden, z.\u202fB. f\u00fcr EU-weiten Handel): X7564244G<\/p><p>Verantwortlich f\u00fcr den Inhalt gem\u00e4\u00df \u00a7 55 Abs. 2 RStV:<\/p><p>Christoph Bittenbinder<\/p><p>Haftungsausschluss<\/p><p>Haftung f\u00fcr Inhalte<\/p><p>Die Inhalte unserer Seiten wurden mit gr\u00f6\u00dftm\u00f6glicher Sorgfalt erstellt. F\u00fcr die Richtigkeit, Vollst\u00e4ndigkeit und Aktualit\u00e4t der Inhalte k\u00f6nnen wir jedoch keine Gew\u00e4hr \u00fcbernehmen.<\/p><p>Haftung f\u00fcr Links<\/p><p>Unsere Website enth\u00e4lt ggf. Links zu externen Webseiten Dritter, auf deren Inhalte wir keinen Einfluss haben. Deshalb \u00fcbernehmen wir f\u00fcr diese fremden Inhalte auch keine Gew\u00e4hr. F\u00fcr die Inhalte der verlinkten Seiten ist stets der jeweilige Anbieter oder Betreiber der Seiten verantwortlich.<\/p><p>Urheberrecht<\/p><p>Die durch die Seitenbetreiber erstellten Inhalte und Werke auf diesen Seiten unterliegen dem spanischen Urheberrecht (Ley de Propiedad Intelectual). Die Vervielf\u00e4ltigung, Bearbeitung, Verbreitung und jede Art der Verwertung au\u00dferhalb der Grenzen des Urheberrechtes bed\u00fcrfen der schriftlichen Zustimmung des jeweiligen Autors bzw. Erstellers.<\/p><p>Online-Streitbeilegung<\/p><p>Die Europ\u00e4ische Kommission stellt eine Plattform zur Online-Streitbeilegung (OS) bereit:<\/p><p><a href=\"https:\/\/ec.europa.eu\/consumers\/odr\" target=\"_blank\" rel=\"noopener\">https:\/\/ec.europa.eu\/consumers\/odr<\/a><\/p><p>Wir sind nicht verpflichtet und nicht bereit, an einem Streitbeilegungsverfahren vor einer Verbraucherschlichtungsstelle teilzunehmen.<\/p>\t\t\t\t\t\t\t\t<\/div>\n\t\t\t\t<\/div>\n\t\t\t\t\t<\/div>\n\t\t\t\t<\/div>\n\t\t\t\t<\/div>\n\t\t","protected":false},"excerpt":{"rendered":"<p>Angaben gem\u00e4\u00df Artikel 10 des spanischen Gesetzes 34\/2002 (LSSI-CE): Inhaber der Webseite: Christoph Bittenbinder Calle General Cadenas Campos 28039 Madrid, Spanien Kontakt: Telefon: +34 645611335 E-Mail: info@nature-fineart.com Webseite: www.nature-fineart.com Steuerliche Angaben: NIE (N\u00famero de Identificaci\u00f3n de Extranjero): X7564244G Umsatzsteuer-Identifikationsnummer (sofern vorhanden, z.\u202fB. f\u00fcr EU-weiten Handel): X7564244G Verantwortlich f\u00fcr den Inhalt gem\u00e4\u00df \u00a7 55 Abs. 2&#8230;<\/p>\n","protected":false},"author":2,"featured_media":0,"parent":0,"menu_order":0,"comment_status":"closed","ping_status":"closed","template":"","meta":{"footnotes":""},"class_list":["post-4129","page","type-page","status-publish","hentry"],"_links":{"self":[{"href":"https:\/\/nature-fineart.com\/vogelfotografie-spanien\/wp-json\/wp\/v2\/pages\/4129","targetHints":{"allow":["GET"]}}],"collection":[{"href":"https:\/\/nature-fineart.com\/vogelfotografie-spanien\/wp-json\/wp\/v2\/pages"}],"about":[{"href":"https:\/\/nature-fineart.com\/vogelfotografie-spanien\/wp-json\/wp\/v2\/types\/page"}],"author":[{"embeddable":true,"href":"https:\/\/nature-fineart.com\/vogelfotografie-spanien\/wp-json\/wp\/v2\/users\/2"}],"replies":[{"embeddable":true,"href":"https:\/\/nature-fineart.com\/vogelfotografie-spanien\/wp-json\/wp\/v2\/comments?post=4129"}],"version-history":[{"count":16,"href":"https:\/\/nature-fineart.com\/vogelfotografie-spanien\/wp-json\/wp\/v2\/pages\/4129\/revisions"}],"predecessor-version":[{"id":5999,"href":"https:\/\/nature-fineart.com\/vogelfotografie-spanien\/wp-json\/wp\/v2\/pages\/4129\/revisions\/5999"}],"wp:attachment":[{"href":"https:\/\/nature-fineart.com\/vogelfotografie-spanien\/wp-json\/wp\/v2\/media?parent=4129"}],"curies":[{"name":"wp","href":"https:\/\/api.w.org\/{rel}","templated":true}]}}