{"id":4486,"date":"2025-05-10T12:54:18","date_gmt":"2025-05-10T10:54:18","guid":{"rendered":"https:\/\/nature-fineart.com\/vogelfotografie-spanien\/?page_id=4486"},"modified":"2026-01-03T15:17:18","modified_gmt":"2026-01-03T14:17:18","slug":"mehr-information-zum-services-des-transportes","status":"publish","type":"page","link":"https:\/\/nature-fineart.com\/vogelfotografie-spanien\/mehr-information-zum-services-des-transportes\/","title":{"rendered":"Mehr Information zum Services des Transportes"},"content":{"rendered":"\t\t<div data-elementor-type=\"wp-page\" data-elementor-id=\"4486\" class=\"elementor elementor-4486\">\n\t\t\t\t<div class=\"elementor-element elementor-element-67074a27 e-flex e-con-boxed e-con e-parent\" data-id=\"67074a27\" data-element_type=\"container\" data-e-type=\"container\">\n\t\t\t\t\t<div class=\"e-con-inner\">\n\t\t\r\n\t\t<div class=\"elementor-element elementor-element-c3a477c elementor-widget elementor-widget-text-editor\" data-id=\"c3a477c\" data-element_type=\"widget\" data-e-type=\"widget\" data-widget_type=\"text-editor.default\">\n\t\t\t\t<div class=\"elementor-widget-container\">\n\t\t\t\t\t\t\t\t\t<p data-start=\"2044\" data-end=\"2104\"><strong data-start=\"2044\" data-end=\"2104\">Transport auf der Reise; sicher, flexibel &amp; komfortabel<\/strong><\/p><p data-start=\"2109\" data-end=\"2230\">Ein zuverl\u00e4ssiger Transport ist ein zentraler Bestandteil jeder Fotoreise, besonders wenn es zu abgelegenen Orten geht.<\/p><p data-start=\"2237\" data-end=\"2455\">Je nach Reiseziel, Gruppengr\u00f6\u00dfe und lokalen Gegebenheiten setze ich geeignete Fahrzeuge ein, um eine sichere, komfortable und reibungslose Anreise zu den Fotospots zu gew\u00e4hrleisten, auch abseits befestigter Stra\u00dfen.<\/p><p data-start=\"2462\" data-end=\"2641\">In vielen Regionen erfolgt der Transport mit ger\u00e4umigen Fahrzeugen oder lokalen Allradfahrzeugen, die sich f\u00fcr Schotterpisten, Feldwege und wechselnde Bedingungen bew\u00e4hrt haben.<\/p><p data-start=\"2648\" data-end=\"2750\">So ist gew\u00e4hrleistet, dass du dich ganz auf das Naturerlebnis und die Fotografie konzentrieren kannst.<\/p>\t\t\t\t\t\t\t\t<\/div>\n\t\t\t\t<\/div>\n\t\t\t\t<div class=\"elementor-element elementor-element-394a2da elementor-widget elementor-widget-image\" data-id=\"394a2da\" data-element_type=\"widget\" data-e-type=\"widget\" data-widget_type=\"image.default\">\n\t\t\t\t<div class=\"elementor-widget-container\">\n\t\t\t\t\t\t\t\t\t\t\t\t\t\t\t<img fetchpriority=\"high\" decoding=\"async\" width=\"300\" height=\"300\" src=\"https:\/\/nature-fineart.com\/vogelfotografie-spanien\/wp-content\/uploads\/2025\/02\/image-e1739116148699-300x300.jpg\" class=\"attachment-thumbnail size-thumbnail wp-image-4221\" alt=\"\" srcset=\"https:\/\/nature-fineart.com\/vogelfotografie-spanien\/wp-content\/uploads\/2025\/02\/image-e1739116148699-300x300.jpg 300w, https:\/\/nature-fineart.com\/vogelfotografie-spanien\/wp-content\/uploads\/2025\/02\/image-e1739116148699-85x85.jpg 85w\" sizes=\"(max-width: 300px) 100vw, 300px\" \/>\t\t\t\t\t\t\t\t\t\t\t\t\t\t\t<\/div>\n\t\t\t\t<\/div>\n\t\t\t\t\t<\/div>\n\t\t\t\t<\/div>\n\t\t\t\t<\/div>\n\t\t","protected":false},"excerpt":{"rendered":"<p>Transport auf der Reise; sicher, flexibel &amp; komfortabel Ein zuverl\u00e4ssiger Transport ist ein zentraler Bestandteil jeder Fotoreise, besonders wenn es zu abgelegenen Orten geht. Je nach Reiseziel, Gruppengr\u00f6\u00dfe und lokalen Gegebenheiten setze ich geeignete Fahrzeuge ein, um eine sichere, komfortable und reibungslose Anreise zu den Fotospots zu gew\u00e4hrleisten, auch abseits befestigter Stra\u00dfen. In vielen Regionen&#8230;<\/p>\n","protected":false},"author":2,"featured_media":0,"parent":0,"menu_order":0,"comment_status":"closed","ping_status":"closed","template":"","meta":{"footnotes":""},"class_list":["post-4486","page","type-page","status-publish","hentry"],"_links":{"self":[{"href":"https:\/\/nature-fineart.com\/vogelfotografie-spanien\/wp-json\/wp\/v2\/pages\/4486","targetHints":{"allow":["GET"]}}],"collection":[{"href":"https:\/\/nature-fineart.com\/vogelfotografie-spanien\/wp-json\/wp\/v2\/pages"}],"about":[{"href":"https:\/\/nature-fineart.com\/vogelfotografie-spanien\/wp-json\/wp\/v2\/types\/page"}],"author":[{"embeddable":true,"href":"https:\/\/nature-fineart.com\/vogelfotografie-spanien\/wp-json\/wp\/v2\/users\/2"}],"replies":[{"embeddable":true,"href":"https:\/\/nature-fineart.com\/vogelfotografie-spanien\/wp-json\/wp\/v2\/comments?post=4486"}],"version-history":[{"count":16,"href":"https:\/\/nature-fineart.com\/vogelfotografie-spanien\/wp-json\/wp\/v2\/pages\/4486\/revisions"}],"predecessor-version":[{"id":6746,"href":"https:\/\/nature-fineart.com\/vogelfotografie-spanien\/wp-json\/wp\/v2\/pages\/4486\/revisions\/6746"}],"wp:attachment":[{"href":"https:\/\/nature-fineart.com\/vogelfotografie-spanien\/wp-json\/wp\/v2\/media?parent=4486"}],"curies":[{"name":"wp","href":"https:\/\/api.w.org\/{rel}","templated":true}]}}