{"id":6870,"date":"2026-01-25T00:52:12","date_gmt":"2026-01-24T23:52:12","guid":{"rendered":"https:\/\/nature-fineart.com\/vogelfotografie-spanien\/?page_id=6870"},"modified":"2026-01-25T01:04:09","modified_gmt":"2026-01-25T00:04:09","slug":"kooperationen-projekte","status":"publish","type":"page","link":"https:\/\/nature-fineart.com\/vogelfotografie-spanien\/kooperationen-projekte\/","title":{"rendered":"Kooperationen \/ Projekte"},"content":{"rendered":"\t\t<div data-elementor-type=\"wp-page\" data-elementor-id=\"6870\" class=\"elementor elementor-6870\">\n\t\t\t\t<div class=\"elementor-element elementor-element-1407eed e-flex e-con-boxed e-con e-parent\" data-id=\"1407eed\" data-element_type=\"container\" data-e-type=\"container\">\n\t\t\t\t\t<div class=\"e-con-inner\">\n\t\t<div class=\"elementor-element elementor-element-62e6a8f e-con-full e-flex e-con e-child\" data-id=\"62e6a8f\" data-element_type=\"container\" data-e-type=\"container\">\n\t\t<div class=\"elementor-element elementor-element-66f8cb5 e-con-full e-flex e-con e-child\" data-id=\"66f8cb5\" data-element_type=\"container\" data-e-type=\"container\">\n\t\t\r\n\t\t<div class=\"elementor-element elementor-element-796ac3e elementor-widget elementor-widget-text-editor\" data-id=\"796ac3e\" data-element_type=\"widget\" data-e-type=\"widget\" data-widget_type=\"text-editor.default\">\n\t\t\t\t<div class=\"elementor-widget-container\">\n\t\t\t\t\t\t\t\t\t<h3>Kooperationen \/ Projekte<\/h3><p>Ich arbeite in Spanien im Bereich der Naturfotografie und kooperiere regelm\u00e4\u00dfig mit Hide-Besitzern, lokalen Guides sowie Projekten im Zusammenhang mit Wildtieren und Naturschutz.<\/p><p>Mich interessieren neue Projekte, fotografische Konzepte, Hide-Systeme und unterschiedliche Arbeitsans\u00e4tze, stets mit einem professionellen, respektvollen Blick auf Natur und fotografierte Arten.<\/p><p>Ich bin offen f\u00fcr Kooperationen, Erfahrungsaustausch oder gemeinsame Projekte, sowohl punktuell als auch langfristig. Jede Anfrage wird individuell gepr\u00fcft, abh\u00e4ngig vom Fokus, den Zielen und dem Kontext des Projekts.<\/p><p>M\u00f6gliche Bereiche sind unter anderem redaktionelle, dokumentarische, edukative oder kooperative Arbeiten.<\/p><p>Wenn du ein Projekt vorstellen oder eine m\u00f6gliche Zusammenarbeit besprechen m\u00f6chtest, kannst du mich unverbindlich kontaktieren.<\/p>\t\t\t\t\t\t\t\t<\/div>\n\t\t\t\t<\/div>\n\t\t\t\t<\/div>\n\t\t<div class=\"elementor-element elementor-element-5b6b89f e-con-full e-flex e-con e-child\" data-id=\"5b6b89f\" data-element_type=\"container\" data-e-type=\"container\">\n\t\t\t\t<div class=\"elementor-element elementor-element-f316bfd elementor-widget elementor-widget-image\" data-id=\"f316bfd\" data-element_type=\"widget\" data-e-type=\"widget\" data-widget_type=\"image.default\">\n\t\t\t\t<div class=\"elementor-widget-container\">\n\t\t\t\t\t\t\t\t\t\t\t\t\t\t\t<img fetchpriority=\"high\" decoding=\"async\" width=\"450\" height=\"600\" src=\"https:\/\/nature-fineart.com\/vogelfotografie-spanien\/wp-content\/uploads\/2026\/01\/Seeregenpfeifer-450x600.jpg\" class=\"attachment-medium size-medium wp-image-6849\" alt=\"\" srcset=\"https:\/\/nature-fineart.com\/vogelfotografie-spanien\/wp-content\/uploads\/2026\/01\/Seeregenpfeifer-450x600.jpg 450w, https:\/\/nature-fineart.com\/vogelfotografie-spanien\/wp-content\/uploads\/2026\/01\/Seeregenpfeifer.jpg 768w\" sizes=\"(max-width: 450px) 100vw, 450px\" \/>\t\t\t\t\t\t\t\t\t\t\t\t\t\t\t<\/div>\n\t\t\t\t<\/div>\n\t\t\t\t<\/div>\n\t\t<div class=\"elementor-element elementor-element-7d4106f e-con-full e-flex e-con e-child\" data-id=\"7d4106f\" data-element_type=\"container\" data-e-type=\"container\">\n\t\t\t\t<div class=\"elementor-element elementor-element-a1cb090 elementor-widget elementor-widget-text-editor\" data-id=\"a1cb090\" data-element_type=\"widget\" data-e-type=\"widget\" data-widget_type=\"text-editor.default\">\n\t\t\t\t<div class=\"elementor-widget-container\">\n\t\t\t\t\t\t\t\t\t<h3>Als Fotograf<\/h3><p>Neben der Organisation fotografischer Reisen arbeite ich als Naturfotograf mit Schwerpunkt auf V\u00f6gel und Wildtiere.<\/p><p>Mein fotografischer Fokus liegt auf Verhalten, Licht und nat\u00fcrlichen Abl\u00e4ufen, mit einem klaren, ruhigen Stil und respektvollem Umgang mit den fotografierten Arten und Lebensr\u00e4umen.<\/p><p>Ich arbeite projektbezogen und flexibel und bin offen f\u00fcr fotografische Auftr\u00e4ge, dokumentarische Arbeiten, redaktionelle Projekte sowie professionelle Kooperationen, sowohl national als auch international.<\/p><p>Wichtig sind mir eine klare Kommunikation, definierte Ziele und eine strukturierte, verl\u00e4ssliche Zusammenarbeit. Jedes Projekt wird individuell betrachtet, angepasst an Inhalt, Zeitrahmen und Anforderungen.<\/p><p>Wenn du eine konkrete Idee hast, ein fotografisches Projekt planst oder Unterst\u00fctzung suchst, kannst du mich gerne direkt kontaktieren.<\/p>\t\t\t\t\t\t\t\t<\/div>\n\t\t\t\t<\/div>\n\t\t\t\t<\/div>\n\t\t<div class=\"elementor-element elementor-element-5d1c8f5 e-con-full e-flex e-con e-child\" data-id=\"5d1c8f5\" data-element_type=\"container\" data-e-type=\"container\">\n\t\t\t\t<div class=\"elementor-element elementor-element-7dd91da elementor-widget elementor-widget-text-editor\" data-id=\"7dd91da\" data-element_type=\"widget\" data-e-type=\"widget\" data-widget_type=\"text-editor.default\">\n\t\t\t\t<div class=\"elementor-widget-container\">\n\t\t\t\t\t\t\t\t\t<p>Wenn du ein Projekt vorschlagen, eine Zusammenarbeit anfragen oder einfach eine Idee teilen m\u00f6chtest, kannst du mir hier unverbindlich schreiben. Ich melde mich so zeitnah wie m\u00f6glich zur\u00fcck.<\/p>\t\t\t\t\t\t\t\t<\/div>\n\t\t\t\t<\/div>\n\t\t\t\t<div class=\"elementor-element elementor-element-7fa70e0 elementor-widget elementor-widget-shortcode\" data-id=\"7fa70e0\" data-element_type=\"widget\" data-e-type=\"widget\" data-widget_type=\"shortcode.default\">\n\t\t\t\t<div class=\"elementor-widget-container\">\n\t\t\t\t\t\t\t<div class=\"elementor-shortcode\"><style id=\"wpforms-css-vars-6872\">\n\t\t\t\t#wpforms-6872 {\n\t\t\t\t--wpforms-field-border-color: #5E5E5E;\n--wpforms-field-border-color-spare: #5E5E5E;\n--wpforms-field-text-color: #5e5e5e;\n--wpforms-label-color: #5e5e5e;\n--wpforms-label-sublabel-color: #5e5e5e;\n--wpforms-button-background-color: #6e7b4a;\n--wpforms-container-padding: 0px;\n--wpforms-container-border-width: 1px;\n--wpforms-container-border-radius: 3px;\n--wpforms-background-color: rgba(0, 0, 0, 0);\n--wpforms-field-size-input-height: 43px;\n--wpforms-field-size-input-spacing: 15px;\n--wpforms-field-size-font-size: 16px;\n--wpforms-field-size-line-height: 19px;\n--wpforms-field-size-padding-h: 14px;\n--wpforms-field-size-checkbox-size: 16px;\n--wpforms-field-size-sublabel-spacing: 5px;\n--wpforms-field-size-icon-size: 1;\n--wpforms-label-size-font-size: 16px;\n--wpforms-label-size-line-height: 19px;\n--wpforms-label-size-sublabel-font-size: 14px;\n--wpforms-label-size-sublabel-line-height: 17px;\n--wpforms-button-size-font-size: 17px;\n--wpforms-button-size-height: 41px;\n--wpforms-button-size-padding-h: 15px;\n--wpforms-button-size-margin-top: 10px;\n--wpforms-container-shadow-size-box-shadow: none;\n\t\t\t}\n\t\t\t<\/style><div class=\"wpforms-container wpforms-container-full wpforms-render-modern\" id=\"wpforms-6872\"><form id=\"wpforms-form-6872\" class=\"wpforms-validate wpforms-form wpforms-ajax-form\" data-formid=\"6872\" method=\"post\" enctype=\"multipart\/form-data\" action=\"\/vogelfotografie-spanien\/wp-json\/wp\/v2\/pages\/6870\" data-token=\"94b819c96333922cdf53ed4a7b338e3f\" data-token-time=\"1776417550\"><noscript class=\"wpforms-error-noscript\">Bitte aktiviere JavaScript in deinem Browser, um dieses Formular fertigzustellen.<\/noscript><div id=\"wpforms-error-noscript\" style=\"display: none;\">Bitte aktiviere JavaScript in deinem Browser, um dieses Formular fertigzustellen.<\/div><div class=\"wpforms-field-container\">\t\t<div id=\"wpforms-6872-field_4-container\"\n\t\t\tclass=\"wpforms-field wpforms-field-text\"\n\t\t\tdata-field-type=\"text\"\n\t\t\tdata-field-id=\"4\"\n\t\t\t>\n\t\t\t<label class=\"wpforms-field-label\" for=\"wpforms-6872-field_4\" >Adresse Name Nachricht<\/label>\n\t\t\t<input type=\"text\" id=\"wpforms-6872-field_4\" class=\"wpforms-field-medium\" name=\"wpforms[fields][4]\" >\n\t\t<\/div>\n\t\t<div id=\"wpforms-6872-field_1-container\" class=\"wpforms-field wpforms-field-name\" data-field-id=\"1\"><fieldset><legend class=\"wpforms-field-label\">Name <span class=\"wpforms-required-label\" aria-hidden=\"true\">*<\/span><\/legend><div class=\"wpforms-field-row wpforms-field-medium\"><div class=\"wpforms-field-row-block wpforms-first wpforms-one-half\"><input type=\"text\" id=\"wpforms-6872-field_1\" class=\"wpforms-field-name-first wpforms-field-required\" name=\"wpforms[fields][1][first]\" aria-errormessage=\"wpforms-6872-field_1-error\" required><label for=\"wpforms-6872-field_1\" class=\"wpforms-field-sublabel after\">Vorname<\/label><\/div><div class=\"wpforms-field-row-block wpforms-one-half\"><input type=\"text\" id=\"wpforms-6872-field_1-last\" class=\"wpforms-field-name-last wpforms-field-required\" name=\"wpforms[fields][1][last]\" aria-errormessage=\"wpforms-6872-field_1-last-error\" required><label for=\"wpforms-6872-field_1-last\" class=\"wpforms-field-sublabel after\">Nachname<\/label><\/div><\/div><\/fieldset><\/div><div id=\"wpforms-6872-field_2-container\" class=\"wpforms-field wpforms-field-email\" data-field-id=\"2\"><label class=\"wpforms-field-label\" for=\"wpforms-6872-field_2\">E-Mail Adresse <span class=\"wpforms-required-label\" aria-hidden=\"true\">*<\/span><\/label><input type=\"email\" id=\"wpforms-6872-field_2\" class=\"wpforms-field-medium wpforms-field-required\" name=\"wpforms[fields][2]\" spellcheck=\"false\" aria-errormessage=\"wpforms-6872-field_2-error\" required><\/div><div id=\"wpforms-6872-field_3-container\" class=\"wpforms-field wpforms-field-textarea\" data-field-id=\"3\"><label class=\"wpforms-field-label\" for=\"wpforms-6872-field_3\">Nachricht<\/label><textarea id=\"wpforms-6872-field_3\" class=\"wpforms-field-medium\" name=\"wpforms[fields][3]\" aria-errormessage=\"wpforms-6872-field_3-error\" ><\/textarea><\/div><script>\n\t\t\t\t( function() {\n\t\t\t\t\tconst style = document.createElement( 'style' );\n\t\t\t\t\tstyle.appendChild( document.createTextNode( '#wpforms-6872-field_4-container { position: absolute !important; overflow: hidden !important; display: inline !important; height: 1px !important; width: 1px !important; z-index: -1000 !important; padding: 0 !important; } #wpforms-6872-field_4-container input { visibility: hidden; } #wpforms-conversational-form-page #wpforms-6872-field_4-container label { counter-increment: none; }' ) );\n\t\t\t\t\tdocument.head.appendChild( style );\n\t\t\t\t\tdocument.currentScript?.remove();\n\t\t\t\t} )();\n\t\t\t<\/script><\/div><!-- .wpforms-field-container --><div class=\"wpforms-submit-container\" ><input type=\"hidden\" name=\"wpforms[id]\" value=\"6872\"><input type=\"hidden\" name=\"page_title\" value=\"\"><input type=\"hidden\" name=\"page_url\" value=\"https:\/\/nature-fineart.com\/vogelfotografie-spanien\/wp-json\/wp\/v2\/pages\/6870\"><input type=\"hidden\" name=\"url_referer\" value=\"\"><button type=\"submit\" name=\"wpforms[submit]\" id=\"wpforms-submit-6872\" class=\"wpforms-submit\" data-alt-text=\"Wird gesendet\u2026\" data-submit-text=\"Nachricht senden\" aria-live=\"assertive\" value=\"wpforms-submit\">Nachricht senden<\/button><img decoding=\"async\" src=\"https:\/\/nature-fineart.com\/vogelfotografie-spanien\/wp-content\/plugins\/wpforms-lite\/assets\/images\/submit-spin.svg\" class=\"wpforms-submit-spinner\" style=\"display: none;\" width=\"26\" height=\"26\" alt=\"Wird geladen\"><\/div><\/form><\/div>  <!-- .wpforms-container --><\/div>\n\t\t\t\t\t\t<\/div>\n\t\t\t\t<\/div>\n\t\t\t\t<div class=\"elementor-element elementor-element-29c608f elementor-widget elementor-widget-text-editor\" data-id=\"29c608f\" data-element_type=\"widget\" data-e-type=\"widget\" data-widget_type=\"text-editor.default\">\n\t\t\t\t<div class=\"elementor-widget-container\">\n\t\t\t\t\t\t\t\t\t<p>Alternativ kannst du mich auch direkt per E-Mail kontaktieren.<\/p>\t\t\t\t\t\t\t\t<\/div>\n\t\t\t\t<\/div>\n\t\t\t\t<\/div>\n\t\t\t\t<\/div>\n\t\t\t\t\t<\/div>\n\t\t\t\t<\/div>\n\t\t\t\t<\/div>\n\t\t","protected":false},"excerpt":{"rendered":"<p>Kooperationen \/ Projekte Ich arbeite in Spanien im Bereich der Naturfotografie und kooperiere regelm\u00e4\u00dfig mit Hide-Besitzern, lokalen Guides sowie Projekten im Zusammenhang mit Wildtieren und Naturschutz. Mich interessieren neue Projekte, fotografische Konzepte, Hide-Systeme und unterschiedliche Arbeitsans\u00e4tze, stets mit einem professionellen, respektvollen Blick auf Natur und fotografierte Arten. Ich bin offen f\u00fcr Kooperationen, Erfahrungsaustausch oder gemeinsame&#8230;<\/p>\n","protected":false},"author":2,"featured_media":0,"parent":0,"menu_order":0,"comment_status":"closed","ping_status":"closed","template":"","meta":{"footnotes":""},"class_list":["post-6870","page","type-page","status-publish","hentry"],"_links":{"self":[{"href":"https:\/\/nature-fineart.com\/vogelfotografie-spanien\/wp-json\/wp\/v2\/pages\/6870","targetHints":{"allow":["GET"]}}],"collection":[{"href":"https:\/\/nature-fineart.com\/vogelfotografie-spanien\/wp-json\/wp\/v2\/pages"}],"about":[{"href":"https:\/\/nature-fineart.com\/vogelfotografie-spanien\/wp-json\/wp\/v2\/types\/page"}],"author":[{"embeddable":true,"href":"https:\/\/nature-fineart.com\/vogelfotografie-spanien\/wp-json\/wp\/v2\/users\/2"}],"replies":[{"embeddable":true,"href":"https:\/\/nature-fineart.com\/vogelfotografie-spanien\/wp-json\/wp\/v2\/comments?post=6870"}],"version-history":[{"count":5,"href":"https:\/\/nature-fineart.com\/vogelfotografie-spanien\/wp-json\/wp\/v2\/pages\/6870\/revisions"}],"predecessor-version":[{"id":6878,"href":"https:\/\/nature-fineart.com\/vogelfotografie-spanien\/wp-json\/wp\/v2\/pages\/6870\/revisions\/6878"}],"wp:attachment":[{"href":"https:\/\/nature-fineart.com\/vogelfotografie-spanien\/wp-json\/wp\/v2\/media?parent=6870"}],"curies":[{"name":"wp","href":"https:\/\/api.w.org\/{rel}","templated":true}]}}