{"id":7179,"date":"2026-02-09T22:06:39","date_gmt":"2026-02-09T21:06:39","guid":{"rendered":"https:\/\/nature-fineart.com\/vogelfotografie-spanien\/?page_id=7179"},"modified":"2026-02-11T23:18:11","modified_gmt":"2026-02-11T22:18:11","slug":"schmutzgeier","status":"publish","type":"page","link":"https:\/\/nature-fineart.com\/vogelfotografie-spanien\/schmutzgeier\/","title":{"rendered":"Schmutzgeier fotografieren in Spanien"},"content":{"rendered":"\t\t<div data-elementor-type=\"wp-page\" data-elementor-id=\"7179\" class=\"elementor elementor-7179\">\n\t\t\t\t<div class=\"elementor-element elementor-element-ce27937 e-flex e-con-boxed e-con e-parent\" data-id=\"ce27937\" data-element_type=\"container\" data-e-type=\"container\">\n\t\t\t\t\t<div class=\"e-con-inner\">\n\t\t<div class=\"elementor-element elementor-element-4d6e118 e-con-full e-flex e-con e-child\" data-id=\"4d6e118\" data-element_type=\"container\" data-e-type=\"container\">\n\t\t\r\n\t\t<div class=\"elementor-element elementor-element-832afb3 elementor-widget elementor-widget-image\" data-id=\"832afb3\" data-element_type=\"widget\" data-e-type=\"widget\" data-widget_type=\"image.default\">\n\t\t\t\t<div class=\"elementor-widget-container\">\n\t\t\t\t\t\t\t\t\t\t\t\t\t\t\t<img fetchpriority=\"high\" decoding=\"async\" width=\"751\" height=\"1001\" src=\"https:\/\/nature-fineart.com\/vogelfotografie-spanien\/wp-content\/uploads\/2025\/12\/Schmutzgeier-1.jpg\" class=\"attachment-large size-large wp-image-6179\" alt=\"\" srcset=\"https:\/\/nature-fineart.com\/vogelfotografie-spanien\/wp-content\/uploads\/2025\/12\/Schmutzgeier-1.jpg 768w, https:\/\/nature-fineart.com\/vogelfotografie-spanien\/wp-content\/uploads\/2025\/12\/Schmutzgeier-1-450x600.jpg 450w\" sizes=\"(max-width: 751px) 100vw, 751px\" \/>\t\t\t\t\t\t\t\t\t\t\t\t\t\t\t<\/div>\n\t\t\t\t<\/div>\n\t\t\t\t<\/div>\n\t\t<div class=\"elementor-element elementor-element-c357675 e-con-full e-flex e-con e-child\" data-id=\"c357675\" data-element_type=\"container\" data-e-type=\"container\">\n\t\t\t\t<div class=\"elementor-element elementor-element-2b03511 elementor-widget elementor-widget-html\" data-id=\"2b03511\" data-element_type=\"widget\" data-e-type=\"widget\" data-widget_type=\"html.default\">\n\t\t\t\t<div class=\"elementor-widget-container\">\n\t\t\t\t\t<p>Der Schmutzgeier geh\u00f6rt zu den faszinierendsten und zugleich seltensten Greifv\u00f6geln Europas. In den weiten, sonnengepr\u00e4gten Landschaften Spaniens l\u00e4sst sich diese besondere Art mit Geduld, Ortskenntnis und respektvollem Verhalten eindrucksvoll beobachten und fotografieren. Begegnungen mit dem Schmutzgeier verbinden intensive Naturerlebnisse mit verantwortungsvoller Tierfotografie.<\/p>\n\n<h2>Der Schmutzgeier kurz vorgestellt<\/h2>\n<p>Der Schmutzgeier (<em>Neophron percnopterus<\/em>) ist der kleinste europ\u00e4ische Geier und bekannt f\u00fcr sein au\u00dfergew\u00f6hnliches Verhalten sowie seine helle, kontrastreiche Erscheinung. Trotz regionaler Schutzma\u00dfnahmen gilt die Art weiterhin als gef\u00e4hrdet.<\/p>\n\n<ul>\n<li>auff\u00e4lliges wei\u00dfes Gefieder mit schwarzen Handschwingen<\/li>\n<li>gelbes Gesicht und schlanker Schnabel<\/li>\n<li>geschicktes Verhalten bei der Nahrungssuche<\/li>\n<li>seltene und besonders eindrucksvolle Fotomotive<\/li>\n<\/ul>\t\t\t\t<\/div>\n\t\t\t\t<\/div>\n\t\t\t\t<\/div>\n\t\t\t\t\t<\/div>\n\t\t\t\t<\/div>\n\t\t<div class=\"elementor-element elementor-element-f381733 e-flex e-con-boxed e-con e-parent\" data-id=\"f381733\" data-element_type=\"container\" data-e-type=\"container\">\n\t\t\t\t\t<div class=\"e-con-inner\">\n\t\t\t\t<div class=\"elementor-element elementor-element-75f67aa elementor-widget elementor-widget-html\" data-id=\"75f67aa\" data-element_type=\"widget\" data-e-type=\"widget\" data-widget_type=\"html.default\">\n\t\t\t\t<div class=\"elementor-widget-container\">\n\t\t\t\t\t<h2>Lebensraum & Beobachtung in Spanien<\/h2>\n<p>Schmutzgeier bewohnen vor allem trockene, offene Landschaften mit Felsen, Schluchten und extensiver Weidewirtschaft. Diese Lebensr\u00e4ume bieten ideale Bedingungen f\u00fcr Nahrungssuche und Thermikflug.<\/p>\n\n<ul>\n<li>Felslandschaften und Schluchten<\/li>\n<li>offene Steppen- und Weidegebiete<\/li>\n<li>w\u00e4rmere Regionen Zentral- und S\u00fcdspaniens<\/li>\n<\/ul>\n\n<p>Mit lokaler Erfahrung und st\u00f6rungsfreien Beobachtungspl\u00e4tzen sind intensive Naturbeobachtungen m\u00f6glich, eine wichtige Grundlage f\u00fcr hochwertige Naturfotografie.<\/p>\t\t\t\t<\/div>\n\t\t\t\t<\/div>\n\t\t\t\t<div class=\"elementor-element elementor-element-02ab686 elementor-widget elementor-widget-html\" data-id=\"02ab686\" data-element_type=\"widget\" data-e-type=\"widget\" data-widget_type=\"html.default\">\n\t\t\t\t<div class=\"elementor-widget-container\">\n\t\t\t\t\t<p>\nAuf gef\u00fchrten <a href=\"https:\/\/nature-fineart.com\/vogelfotografie-spanien\/reisen\/\" title=\"Fotoreisen zur Vogelfotografie in Spanien\">\nFotoreisen in Spanien<\/a> hast du die M\u00f6glichkeit, Schmutzgeier unter\nrespektvollen Bedingungen zu beobachten und zu fotografieren, in kleinen Gruppen,\nmit viel Zeit und Zugang zu ausgew\u00e4hlten Fotospots.\n<\/p>\t\t\t\t<\/div>\n\t\t\t\t<\/div>\n\t\t\t\t\t<\/div>\n\t\t\t\t<\/div>\n\t\t<div class=\"elementor-element elementor-element-97eaf82 e-flex e-con-boxed e-con e-parent\" data-id=\"97eaf82\" data-element_type=\"container\" data-e-type=\"container\">\n\t\t\t\t\t<div class=\"e-con-inner\">\n\t\t\t\t<div class=\"elementor-element elementor-element-e4b3921 elementor-widget elementor-widget-image\" data-id=\"e4b3921\" data-element_type=\"widget\" data-e-type=\"widget\" data-widget_type=\"image.default\">\n\t\t\t\t<div class=\"elementor-widget-container\">\n\t\t\t\t\t\t\t\t\t\t\t\t\t\t\t<img decoding=\"async\" width=\"751\" height=\"501\" src=\"https:\/\/nature-fineart.com\/vogelfotografie-spanien\/wp-content\/uploads\/2026\/02\/Schmutzgeier-Gruppe.jpg\" class=\"attachment-large size-large wp-image-7181\" alt=\"\" srcset=\"https:\/\/nature-fineart.com\/vogelfotografie-spanien\/wp-content\/uploads\/2026\/02\/Schmutzgeier-Gruppe.jpg 1024w, https:\/\/nature-fineart.com\/vogelfotografie-spanien\/wp-content\/uploads\/2026\/02\/Schmutzgeier-Gruppe-600x400.jpg 600w, https:\/\/nature-fineart.com\/vogelfotografie-spanien\/wp-content\/uploads\/2026\/02\/Schmutzgeier-Gruppe-768x512.jpg 768w\" sizes=\"(max-width: 751px) 100vw, 751px\" \/>\t\t\t\t\t\t\t\t\t\t\t\t\t\t\t<\/div>\n\t\t\t\t<\/div>\n\t\t\t\t\t<\/div>\n\t\t\t\t<\/div>\n\t\t<div class=\"elementor-element elementor-element-1e8d134 e-flex e-con-boxed e-con e-parent\" data-id=\"1e8d134\" data-element_type=\"container\" data-e-type=\"container\">\n\t\t\t\t\t<div class=\"e-con-inner\">\n\t\t\t\t<div class=\"elementor-element elementor-element-1f00db5 elementor-widget elementor-widget-html\" data-id=\"1f00db5\" data-element_type=\"widget\" data-e-type=\"widget\" data-widget_type=\"html.default\">\n\t\t\t\t<div class=\"elementor-widget-container\">\n\t\t\t\t\t<h2>Fototipps aus der Praxis<\/h2>\n<p>F\u00fcr erfolgreiche Aufnahmen sind ruhiges Verhalten, gutes Licht und sorgf\u00e4ltige Planung entscheidend. Besonders geeignet sind Morgen- und Abendstunden mit weichem Licht und aktiven Flugbewegungen.<\/p>\n\n<ul>\n<li>Teleobjektiv ab ca. 400&nbsp;mm<\/li>\n<li>kurze Belichtungszeiten f\u00fcr Flugszenen<\/li>\n<li>ruhige Ansitze mit ausreichend Abstand<\/li>\n<li>Geduld und Verst\u00e4ndnis f\u00fcr das Verhalten der V\u00f6gel<\/li>\n<\/ul>\t\t\t\t<\/div>\n\t\t\t\t<\/div>\n\t\t\t\t\t<\/div>\n\t\t\t\t<\/div>\n\t\t<div class=\"elementor-element elementor-element-29a02cd e-flex e-con-boxed e-con e-parent\" data-id=\"29a02cd\" data-element_type=\"container\" data-e-type=\"container\">\n\t\t\t\t\t<div class=\"e-con-inner\">\n\t\t<div class=\"elementor-element elementor-element-adf0fef e-con-full e-flex e-con e-child\" data-id=\"adf0fef\" data-element_type=\"container\" data-e-type=\"container\">\n\t\t\t\t<div class=\"elementor-element elementor-element-4a960d2 elementor-widget elementor-widget-html\" data-id=\"4a960d2\" data-element_type=\"widget\" data-e-type=\"widget\" data-widget_type=\"html.default\">\n\t\t\t\t<div class=\"elementor-widget-container\">\n\t\t\t\t\t<h2>Schmutzgeier in freier Natur erleben<\/h2>\n\n<p>\nEin kurzer Eindruck aus dem Lebensraum des Schmutzgeiers in Spanien:\nRuhige Beobachtungen, nat\u00fcrliche Lichtstimmungen und typische Verhaltensweisen\ndieser seltenen Zugvogelart zeigen, wie intensiv Begegnungen in freier Natur\nsein k\u00f6nnen.\n<\/p>\n\n<p>\nGef\u00fchrte Fotoreisen erm\u00f6glichen dabei respektvolle Beobachtungen\nmit ausreichend Abstand und optimalen Bedingungen f\u00fcr nat\u00fcrliche Aufnahmen.\n<\/p>\t\t\t\t<\/div>\n\t\t\t\t<\/div>\n\t\t\t\t<\/div>\n\t\t<div class=\"elementor-element elementor-element-be5b69c e-con-full e-flex e-con e-child\" data-id=\"be5b69c\" data-element_type=\"container\" data-e-type=\"container\">\n\t\t\t\t<div class=\"elementor-element elementor-element-6b23884 elementor-widget elementor-widget-html\" data-id=\"6b23884\" data-element_type=\"widget\" data-e-type=\"widget\" data-widget_type=\"html.default\">\n\t\t\t\t<div class=\"elementor-widget-container\">\n\t\t\t\t\t\n<div style=\"position:relative;padding-bottom:56.25%;height:0;overflow:hidden;max-width:100%;\">\n  <iframe\n    src=\"https:\/\/www.youtube.com\/embed\/oXgnUiADQlM?\"\n    title=\"Schmutzgeier in Spanien \u2013 Naturbeobachtung & Fotografie\"\n    style=\"position:absolute;top:0;left:0;width:100%;height:100%;border:0;\"\n    allowfullscreen>\n  <\/iframe>\n<\/div>\t\t\t\t<\/div>\n\t\t\t\t<\/div>\n\t\t\t\t<\/div>\n\t\t\t\t\t<\/div>\n\t\t\t\t<\/div>\n\t\t<div class=\"elementor-element elementor-element-340ed07 e-flex e-con-boxed e-con e-parent\" data-id=\"340ed07\" data-element_type=\"container\" data-e-type=\"container\">\n\t\t\t\t\t<div class=\"e-con-inner\">\n\t\t<div class=\"elementor-element elementor-element-afb97ed e-con-full e-flex e-con e-child\" data-id=\"afb97ed\" data-element_type=\"container\" data-e-type=\"container\">\n\t\t\t\t<div class=\"elementor-element elementor-element-6b3f090 elementor-widget elementor-widget-html\" data-id=\"6b3f090\" data-element_type=\"widget\" data-e-type=\"widget\" data-widget_type=\"html.default\">\n\t\t\t\t<div class=\"elementor-widget-container\">\n\t\t\t\t\t<h2>Fotoreisen zum Schmutzgeier in Spanien<\/h2>\n<p>\nGef\u00fchrte <a href=\"https:\/\/nature-fineart.com\/vogelfotografie-spanien\/reisen\/\" title=\"Fotoreisen in Spanien zur Vogel- und Naturfotografie\">\nFotoreisen in Spanien<\/a> bieten besonders im Fr\u00fchjahr und Fr\u00fchsommer sehr gute Chancen, Schmutzgeier aktiv in ihren Brutgebieten zu beobachten. In dieser Zeit zeigen die V\u00f6gel intensives Verhalten rund um Nahrungssuche, Revier und Brutpl\u00e4tze \u2013 ideale Voraussetzungen f\u00fcr authentische Naturfotografie.\n<\/p>\n<p>\nKleine Gruppen, passende Lichtbedingungen und respektvolle Distanz erm\u00f6glichen dabei ruhige Begegnungen mit dieser seltenen Greifvogelart und schaffen Raum f\u00fcr eindrucksvolle, nat\u00fcrliche Aufnahmen.\n<\/p>\t\t\t\t<\/div>\n\t\t\t\t<\/div>\n\t\t\t\t<\/div>\n\t\t<div class=\"elementor-element elementor-element-0329f5f e-con-full e-flex e-con e-child\" data-id=\"0329f5f\" data-element_type=\"container\" data-e-type=\"container\">\n\t\t\t\t<div class=\"elementor-element elementor-element-f0a8f97 elementor-widget elementor-widget-image\" data-id=\"f0a8f97\" data-element_type=\"widget\" data-e-type=\"widget\" data-widget_type=\"image.default\">\n\t\t\t\t<div class=\"elementor-widget-container\">\n\t\t\t\t\t\t\t\t\t\t\t\t\t\t\t<img decoding=\"async\" width=\"751\" height=\"501\" src=\"https:\/\/nature-fineart.com\/vogelfotografie-spanien\/wp-content\/uploads\/2026\/02\/Schmutzgeier-Portrait.jpg\" class=\"attachment-large size-large wp-image-7182\" alt=\"\" srcset=\"https:\/\/nature-fineart.com\/vogelfotografie-spanien\/wp-content\/uploads\/2026\/02\/Schmutzgeier-Portrait.jpg 1024w, https:\/\/nature-fineart.com\/vogelfotografie-spanien\/wp-content\/uploads\/2026\/02\/Schmutzgeier-Portrait-600x400.jpg 600w, https:\/\/nature-fineart.com\/vogelfotografie-spanien\/wp-content\/uploads\/2026\/02\/Schmutzgeier-Portrait-768x512.jpg 768w\" sizes=\"(max-width: 751px) 100vw, 751px\" \/>\t\t\t\t\t\t\t\t\t\t\t\t\t\t\t<\/div>\n\t\t\t\t<\/div>\n\t\t\t\t<\/div>\n\t\t\t\t\t<\/div>\n\t\t\t\t<\/div>\n\t\t<div class=\"elementor-element elementor-element-3072768 e-flex e-con-boxed e-con e-parent\" data-id=\"3072768\" data-element_type=\"container\" data-e-type=\"container\">\n\t\t\t\t\t<div class=\"e-con-inner\">\n\t\t\t\t<div class=\"elementor-element elementor-element-a262435 elementor-widget elementor-widget-text-editor\" data-id=\"a262435\" data-element_type=\"widget\" data-e-type=\"widget\" data-widget_type=\"text-editor.default\">\n\t\t\t\t<div class=\"elementor-widget-container\">\n\t\t\t\t\t\t\t\t\t<h3>Natur erleben &amp; selbst fotografieren<\/h3><p>M\u00f6chtest du diese besondere Tierart in ihrem nat\u00fcrlichen Lebensraum erleben und fotografieren?<br \/>Auf meinen gef\u00fchrten Fotoreisen in Spanien erwarten dich intensive Naturmomente, kleine Gruppen, sorgf\u00e4ltig ausgew\u00e4hlte Beobachtungsorte und viel Zeit f\u00fcr ruhige, respektvolle Naturfotografie.<\/p><p>Mit lokaler Erfahrung, optimalen Lichtbedingungen und einem klaren Fokus auf Qualit\u00e4t entstehen nicht nur eindrucksvolle Bilder, sondern auch echte Naturerlebnisse, die lange in Erinnerung bleiben.<\/p><p>Schreib mir gern unverbindlich, ich berate dich pers\u00f6nlich zu passenden Reisen und Terminen.<\/p>\t\t\t\t\t\t\t\t<\/div>\n\t\t\t\t<\/div>\n\t\t\t\t\t<\/div>\n\t\t\t\t<\/div>\n\t\t<div class=\"elementor-element elementor-element-4e28016 e-flex e-con-boxed e-con e-parent\" data-id=\"4e28016\" data-element_type=\"container\" data-e-type=\"container\">\n\t\t\t\t\t<div class=\"e-con-inner\">\n\t\t\t\t<div class=\"elementor-element elementor-element-c9a2b7d elementor-widget elementor-widget-shortcode\" data-id=\"c9a2b7d\" data-element_type=\"widget\" data-e-type=\"widget\" data-widget_type=\"shortcode.default\">\n\t\t\t\t<div class=\"elementor-widget-container\">\n\t\t\t\t\t\t\t<div class=\"elementor-shortcode\"><style id=\"wpforms-css-vars-5929\">\n\t\t\t\t#wpforms-5929 {\n\t\t\t\t--wpforms-field-border-color: #5E5E5E;\n--wpforms-field-border-color-spare: #5E5E5E;\n--wpforms-field-text-color: #5e5e5e;\n--wpforms-label-color: #5e5e5e;\n--wpforms-label-sublabel-color: #5e5e5e;\n--wpforms-button-background-color: #6e7b4a;\n--wpforms-container-padding: 0px;\n--wpforms-container-border-width: 1px;\n--wpforms-container-border-radius: 3px;\n--wpforms-background-color: rgba(0, 0, 0, 0);\n--wpforms-field-size-input-height: 43px;\n--wpforms-field-size-input-spacing: 15px;\n--wpforms-field-size-font-size: 16px;\n--wpforms-field-size-line-height: 19px;\n--wpforms-field-size-padding-h: 14px;\n--wpforms-field-size-checkbox-size: 16px;\n--wpforms-field-size-sublabel-spacing: 5px;\n--wpforms-field-size-icon-size: 1;\n--wpforms-label-size-font-size: 16px;\n--wpforms-label-size-line-height: 19px;\n--wpforms-label-size-sublabel-font-size: 14px;\n--wpforms-label-size-sublabel-line-height: 17px;\n--wpforms-button-size-font-size: 17px;\n--wpforms-button-size-height: 41px;\n--wpforms-button-size-padding-h: 15px;\n--wpforms-button-size-margin-top: 10px;\n--wpforms-container-shadow-size-box-shadow: none;\n\t\t\t}\n\t\t\t<\/style><div class=\"wpforms-container wpforms-container-full wpforms-render-modern\" id=\"wpforms-5929\"><form id=\"wpforms-form-5929\" class=\"wpforms-validate wpforms-form wpforms-ajax-form\" data-formid=\"5929\" method=\"post\" enctype=\"multipart\/form-data\" action=\"\/vogelfotografie-spanien\/wp-json\/wp\/v2\/pages\/7179\" data-token=\"2d94c5a0a069089a30db67751e723e68\" data-token-time=\"1776427855\"><noscript class=\"wpforms-error-noscript\">Bitte aktiviere JavaScript in deinem Browser, um dieses Formular fertigzustellen.<\/noscript><div id=\"wpforms-error-noscript\" style=\"display: none;\">Bitte aktiviere JavaScript in deinem Browser, um dieses Formular fertigzustellen.<\/div><div class=\"wpforms-field-container\"><div id=\"wpforms-5929-field_1-container\" class=\"wpforms-field wpforms-field-name\" data-field-id=\"1\"><fieldset><legend class=\"wpforms-field-label\">Name <span class=\"wpforms-required-label\" aria-hidden=\"true\">*<\/span><\/legend><div class=\"wpforms-field-row wpforms-field-medium\"><div class=\"wpforms-field-row-block wpforms-first wpforms-one-half\"><input type=\"text\" id=\"wpforms-5929-field_1\" class=\"wpforms-field-name-first wpforms-field-required\" name=\"wpforms[fields][1][first]\" aria-errormessage=\"wpforms-5929-field_1-error\" required><label for=\"wpforms-5929-field_1\" class=\"wpforms-field-sublabel after\">Vorname<\/label><\/div><div class=\"wpforms-field-row-block wpforms-one-half\"><input type=\"text\" id=\"wpforms-5929-field_1-last\" class=\"wpforms-field-name-last wpforms-field-required\" name=\"wpforms[fields][1][last]\" aria-errormessage=\"wpforms-5929-field_1-last-error\" required><label for=\"wpforms-5929-field_1-last\" class=\"wpforms-field-sublabel after\">Nachname<\/label><\/div><\/div><\/fieldset><\/div><div id=\"wpforms-5929-field_2-container\" class=\"wpforms-field wpforms-field-email\" data-field-id=\"2\"><label class=\"wpforms-field-label\" for=\"wpforms-5929-field_2\">E-Mail-Adresse <span class=\"wpforms-required-label\" aria-hidden=\"true\">*<\/span><\/label><input type=\"email\" id=\"wpforms-5929-field_2\" class=\"wpforms-field-medium wpforms-field-required\" name=\"wpforms[fields][2]\" spellcheck=\"false\" aria-errormessage=\"wpforms-5929-field_2-error\" required><\/div>\t\t<div id=\"wpforms-5929-field_4-container\"\n\t\t\tclass=\"wpforms-field wpforms-field-text\"\n\t\t\tdata-field-type=\"text\"\n\t\t\tdata-field-id=\"4\"\n\t\t\t>\n\t\t\t<label class=\"wpforms-field-label\" for=\"wpforms-5929-field_4\" >Nachricht Name E-Mail-Adresse<\/label>\n\t\t\t<input type=\"text\" id=\"wpforms-5929-field_4\" class=\"wpforms-field-medium\" name=\"wpforms[fields][4]\" >\n\t\t<\/div>\n\t\t<div id=\"wpforms-5929-field_3-container\" class=\"wpforms-field wpforms-field-textarea\" data-field-id=\"3\"><label class=\"wpforms-field-label\" for=\"wpforms-5929-field_3\">Kommentar oder Nachricht<\/label><textarea id=\"wpforms-5929-field_3\" class=\"wpforms-field-medium\" name=\"wpforms[fields][3]\" aria-errormessage=\"wpforms-5929-field_3-error\" ><\/textarea><\/div><script>\n\t\t\t\t( function() {\n\t\t\t\t\tconst style = document.createElement( 'style' );\n\t\t\t\t\tstyle.appendChild( document.createTextNode( '#wpforms-5929-field_4-container { position: absolute !important; overflow: hidden !important; display: inline !important; height: 1px !important; width: 1px !important; z-index: -1000 !important; padding: 0 !important; } #wpforms-5929-field_4-container input { visibility: hidden; } #wpforms-conversational-form-page #wpforms-5929-field_4-container label { counter-increment: none; }' ) );\n\t\t\t\t\tdocument.head.appendChild( style );\n\t\t\t\t\tdocument.currentScript?.remove();\n\t\t\t\t} )();\n\t\t\t<\/script><\/div><!-- .wpforms-field-container --><div class=\"wpforms-submit-container\" ><input type=\"hidden\" name=\"wpforms[id]\" value=\"5929\"><input type=\"hidden\" name=\"page_title\" value=\"\"><input type=\"hidden\" name=\"page_url\" value=\"https:\/\/nature-fineart.com\/vogelfotografie-spanien\/wp-json\/wp\/v2\/pages\/7179\"><input type=\"hidden\" name=\"url_referer\" value=\"\"><button type=\"submit\" name=\"wpforms[submit]\" id=\"wpforms-submit-5929\" class=\"wpforms-submit\" data-alt-text=\"Wird gesendet\u00a0\u2026\" data-submit-text=\"Anfrage senden\" aria-live=\"assertive\" value=\"wpforms-submit\">Anfrage senden<\/button><img loading=\"lazy\" decoding=\"async\" src=\"https:\/\/nature-fineart.com\/vogelfotografie-spanien\/wp-content\/plugins\/wpforms-lite\/assets\/images\/submit-spin.svg\" class=\"wpforms-submit-spinner\" style=\"display: none;\" width=\"26\" height=\"26\" alt=\"Wird geladen\"><\/div><\/form><\/div>  <!-- .wpforms-container --><\/div>\n\t\t\t\t\t\t<\/div>\n\t\t\t\t<\/div>\n\t\t\t\t\t<\/div>\n\t\t\t\t<\/div>\n\t\t\t\t<\/div>\n\t\t","protected":false},"excerpt":{"rendered":"<p>Der Schmutzgeier geh\u00f6rt zu den faszinierendsten und zugleich seltensten Greifv\u00f6geln Europas. In den weiten, sonnengepr\u00e4gten Landschaften Spaniens l\u00e4sst sich diese besondere Art mit Geduld, Ortskenntnis und respektvollem Verhalten eindrucksvoll beobachten und fotografieren. Begegnungen mit dem Schmutzgeier verbinden intensive Naturerlebnisse mit verantwortungsvoller Tierfotografie. Der Schmutzgeier kurz vorgestellt Der Schmutzgeier (Neophron percnopterus) ist der kleinste europ\u00e4ische Geier&#8230;<\/p>\n","protected":false},"author":2,"featured_media":0,"parent":0,"menu_order":0,"comment_status":"closed","ping_status":"closed","template":"","meta":{"footnotes":""},"class_list":["post-7179","page","type-page","status-publish","hentry"],"_links":{"self":[{"href":"https:\/\/nature-fineart.com\/vogelfotografie-spanien\/wp-json\/wp\/v2\/pages\/7179","targetHints":{"allow":["GET"]}}],"collection":[{"href":"https:\/\/nature-fineart.com\/vogelfotografie-spanien\/wp-json\/wp\/v2\/pages"}],"about":[{"href":"https:\/\/nature-fineart.com\/vogelfotografie-spanien\/wp-json\/wp\/v2\/types\/page"}],"author":[{"embeddable":true,"href":"https:\/\/nature-fineart.com\/vogelfotografie-spanien\/wp-json\/wp\/v2\/users\/2"}],"replies":[{"embeddable":true,"href":"https:\/\/nature-fineart.com\/vogelfotografie-spanien\/wp-json\/wp\/v2\/comments?post=7179"}],"version-history":[{"count":16,"href":"https:\/\/nature-fineart.com\/vogelfotografie-spanien\/wp-json\/wp\/v2\/pages\/7179\/revisions"}],"predecessor-version":[{"id":7401,"href":"https:\/\/nature-fineart.com\/vogelfotografie-spanien\/wp-json\/wp\/v2\/pages\/7179\/revisions\/7401"}],"wp:attachment":[{"href":"https:\/\/nature-fineart.com\/vogelfotografie-spanien\/wp-json\/wp\/v2\/media?parent=7179"}],"curies":[{"name":"wp","href":"https:\/\/api.w.org\/{rel}","templated":true}]}}