{"id":7319,"date":"2026-02-11T15:09:45","date_gmt":"2026-02-11T14:09:45","guid":{"rendered":"https:\/\/nature-fineart.com\/vogelfotografie-spanien\/?page_id=7319"},"modified":"2026-02-11T15:16:28","modified_gmt":"2026-02-11T14:16:28","slug":"kranich","status":"publish","type":"page","link":"https:\/\/nature-fineart.com\/vogelfotografie-spanien\/kranich\/","title":{"rendered":"Kranich fotografieren in Spanien \u2013 Lebensraum, beste Zeit &amp; Fototipps"},"content":{"rendered":"\t\t<div data-elementor-type=\"wp-page\" data-elementor-id=\"7319\" class=\"elementor elementor-7319\">\n\t\t\t\t<div class=\"elementor-element elementor-element-19edf4c e-flex e-con-boxed e-con e-parent\" data-id=\"19edf4c\" data-element_type=\"container\" data-e-type=\"container\">\n\t\t\t\t\t<div class=\"e-con-inner\">\n\t\t<div class=\"elementor-element elementor-element-1cf8358 e-con-full e-flex e-con e-child\" data-id=\"1cf8358\" data-element_type=\"container\" data-e-type=\"container\">\n\t\t\r\n\t\t<div class=\"elementor-element elementor-element-5ab6cbb elementor-widget elementor-widget-html\" data-id=\"5ab6cbb\" data-element_type=\"widget\" data-e-type=\"widget\" data-widget_type=\"html.default\">\n\t\t\t\t<div class=\"elementor-widget-container\">\n\t\t\t\t\t<p>Den Kranich in Spanien zu fotografieren geh\u00f6rt zu den eindrucksvollsten Naturerlebnissen der kalten Jahreszeit. In den weiten Landschaften Zentralspaniens sammeln sich im Herbst und Winter tausende dieser eleganten Zugv\u00f6gel. Ihr trompetender Ruf, die morgendlichen Abfl\u00fcge von den Schlafpl\u00e4tzen und die stimmungsvollen Lichtverh\u00e4ltnisse machen Begegnungen mit Kranichen zu einem unvergesslichen Erlebnis f\u00fcr Natur- und Vogelfotografen.<\/p>\n\n<h2>Der Kranich kurz vorgestellt<\/h2>\n<p>Der Eurasische Kranich z\u00e4hlt zu den bekanntesten Zugv\u00f6geln Europas. Mit seiner stattlichen Gr\u00f6\u00dfe, dem grauen Gefieder und der roten Kopfplatte ist er unverwechselbar. In Spanien verbringen gro\u00dfe Best\u00e4nde den Winter, vor allem in offenen Dehesa-Landschaften, Feuchtgebieten und weiten Agrarfl\u00e4chen mit ausreichend Nahrung und sicheren Schlafpl\u00e4tzen.<\/p>\t\t\t\t<\/div>\n\t\t\t\t<\/div>\n\t\t\t\t<\/div>\n\t\t<div class=\"elementor-element elementor-element-e19a14f e-con-full e-flex e-con e-child\" data-id=\"e19a14f\" data-element_type=\"container\" data-e-type=\"container\">\n\t\t\t\t<div class=\"elementor-element elementor-element-6c0d927 elementor-widget elementor-widget-image\" data-id=\"6c0d927\" data-element_type=\"widget\" data-e-type=\"widget\" data-widget_type=\"image.default\">\n\t\t\t\t<div class=\"elementor-widget-container\">\n\t\t\t\t\t\t\t\t\t\t\t\t\t\t\t<img fetchpriority=\"high\" decoding=\"async\" width=\"683\" height=\"1024\" src=\"https:\/\/nature-fineart.com\/vogelfotografie-spanien\/wp-content\/uploads\/2026\/02\/Kranichruf.jpg\" class=\"attachment-large size-large wp-image-7321\" alt=\"\" srcset=\"https:\/\/nature-fineart.com\/vogelfotografie-spanien\/wp-content\/uploads\/2026\/02\/Kranichruf.jpg 683w, https:\/\/nature-fineart.com\/vogelfotografie-spanien\/wp-content\/uploads\/2026\/02\/Kranichruf-400x600.jpg 400w\" sizes=\"(max-width: 683px) 100vw, 683px\" \/>\t\t\t\t\t\t\t\t\t\t\t\t\t\t\t<\/div>\n\t\t\t\t<\/div>\n\t\t\t\t<\/div>\n\t\t\t\t\t<\/div>\n\t\t\t\t<\/div>\n\t\t<div class=\"elementor-element elementor-element-8f10b85 e-flex e-con-boxed e-con e-parent\" data-id=\"8f10b85\" data-element_type=\"container\" data-e-type=\"container\">\n\t\t\t\t\t<div class=\"e-con-inner\">\n\t\t\t\t<div class=\"elementor-element elementor-element-25cefd6 elementor-widget elementor-widget-html\" data-id=\"25cefd6\" data-element_type=\"widget\" data-e-type=\"widget\" data-widget_type=\"html.default\">\n\t\t\t\t<div class=\"elementor-widget-container\">\n\t\t\t\t\t<h2>Lebensraum und Beobachtungsm\u00f6glichkeiten<\/h2>\n<p>Kraniche bevorzugen in Spanien ruhige, weitl\u00e4ufige Gebiete mit Wasserstellen zum \u00dcbernachten und offenen Fl\u00e4chen zur Nahrungssuche. Besonders in den fr\u00fchen Morgenstunden verlassen sie ihre Schlafpl\u00e4tze in gro\u00dfen Formationen, w\u00e4hrend sie am Abend in eindrucksvollen Anfl\u00fcgen zur\u00fcckkehren. Diese t\u00e4glichen Bewegungen bieten au\u00dfergew\u00f6hnliche M\u00f6glichkeiten f\u00fcr stimmungsvolle Flug- und Landschaftsaufnahmen.<\/p>\n\n<h2>Beste Zeit zum Kraniche fotografieren<\/h2>\n<p>Die wichtigste Zeit f\u00fcr die Kranichfotografie in Spanien liegt zwischen Sp\u00e4therbst und Winter. Ab Oktober treffen die ersten gro\u00dfen Trupps aus Nordeuropa ein, w\u00e4hrend die h\u00f6chsten Best\u00e4nde meist von November bis Februar zu beobachten sind. In diesen Monaten sorgen weiches Licht, Nebelstimmungen und ruhige Landschaften f\u00fcr besonders atmosph\u00e4rische Bilder.<\/p>\n\t\t\t\t<\/div>\n\t\t\t\t<\/div>\n\t\t\t\t<div class=\"elementor-element elementor-element-c025a4f elementor-widget elementor-widget-heading\" data-id=\"c025a4f\" data-element_type=\"widget\" data-e-type=\"widget\" data-widget_type=\"heading.default\">\n\t\t\t\t<div class=\"elementor-widget-container\">\n\t\t\t\t\t<h2 class=\"elementor-heading-title elementor-size-default\">Kraniche in Spanien \u2013 Naturvideo aus dem Winterquartier<\/h2>\t\t\t\t<\/div>\n\t\t\t\t<\/div>\n\t\t\t\t\t<\/div>\n\t\t\t\t<\/div>\n\t\t<div class=\"elementor-element elementor-element-6bb9a6c e-flex e-con-boxed e-con e-parent\" data-id=\"6bb9a6c\" data-element_type=\"container\" data-e-type=\"container\">\n\t\t\t\t\t<div class=\"e-con-inner\">\n\t\t<div class=\"elementor-element elementor-element-9279eab e-con-full e-flex e-con e-child\" data-id=\"9279eab\" data-element_type=\"container\" data-e-type=\"container\">\n\t\t\t\t<div class=\"elementor-element elementor-element-981a253 elementor-widget elementor-widget-html\" data-id=\"981a253\" data-element_type=\"widget\" data-e-type=\"widget\" data-widget_type=\"html.default\">\n\t\t\t\t<div class=\"elementor-widget-container\">\n\t\t\t\t\t<p><strong>Kraniche in ihrer nat\u00fcrlichen Umgebung zu erleben<\/strong>, geh\u00f6rt zu den eindrucksvollsten Momenten der europ\u00e4ischen Naturfotografie. Besonders in den Zugzeiten sammeln sich tausende V\u00f6gel in Feuchtgebieten und offenen Landschaften Spaniens, begleitet von Rufen, Morgennebel und warmem Licht.<\/p>\n\n<p>Das kurze Video vermittelt einen authentischen Eindruck dieser Stimmung vor Ort. Genau solche ruhigen, intensiven Naturmomente stehen im Mittelpunkt meiner Fotoreisen: mit viel Zeit, respektvoller Distanz und dem Fokus auf echtes Naturerleben statt reiner \u201eMotivjagd\u201c.<\/p>\t\t\t\t<\/div>\n\t\t\t\t<\/div>\n\t\t\t\t<\/div>\n\t\t<div class=\"elementor-element elementor-element-7d3bc83 e-con-full e-flex e-con e-child\" data-id=\"7d3bc83\" data-element_type=\"container\" data-e-type=\"container\">\n\t\t\t\t<div class=\"elementor-element elementor-element-c29e7fd elementor-widget elementor-widget-video\" data-id=\"c29e7fd\" data-element_type=\"widget\" data-e-type=\"widget\" data-settings=\"{&quot;youtube_url&quot;:&quot;https:\\\/\\\/youtu.be\\\/QgeR__Y_cd4&quot;,&quot;video_type&quot;:&quot;youtube&quot;,&quot;controls&quot;:&quot;yes&quot;}\" data-widget_type=\"video.default\">\n\t\t\t\t<div class=\"elementor-widget-container\">\n\t\t\t\t\t\t\t<div class=\"elementor-wrapper elementor-open-inline\">\n\t\t\t<div class=\"elementor-video\"><\/div>\t\t<\/div>\n\t\t\t\t\t\t<\/div>\n\t\t\t\t<\/div>\n\t\t\t\t<\/div>\n\t\t\t\t\t<\/div>\n\t\t\t\t<\/div>\n\t\t<div class=\"elementor-element elementor-element-25b3286 e-flex e-con-boxed e-con e-parent\" data-id=\"25b3286\" data-element_type=\"container\" data-e-type=\"container\">\n\t\t\t\t\t<div class=\"e-con-inner\">\n\t\t\t\t<div class=\"elementor-element elementor-element-ba4a5eb elementor-widget elementor-widget-html\" data-id=\"ba4a5eb\" data-element_type=\"widget\" data-e-type=\"widget\" data-widget_type=\"html.default\">\n\t\t\t\t<div class=\"elementor-widget-container\">\n\t\t\t\t\t<h2>Fototipps f\u00fcr eindrucksvolle Aufnahmen<\/h2>\n<p>Die eindrucksvollsten Fotos entstehen in den fr\u00fchen Morgenstunden rund um den Abflug der Kraniche oder am Abend beim Einflug zu den Schlafpl\u00e4tzen. Lange Brennweiten erm\u00f6glichen detailreiche Portr\u00e4ts, w\u00e4hrend k\u00fcrzere Brennweiten die weiten Formationen in der Landschaft zeigen. Geduld, ruhiges Verhalten und ausreichend Abstand sind entscheidend, um nat\u00fcrliche Szenen ohne St\u00f6rung festzuhalten.<\/p>\t\t\t\t<\/div>\n\t\t\t\t<\/div>\n\t\t\t\t\t<\/div>\n\t\t\t\t<\/div>\n\t\t<div class=\"elementor-element elementor-element-d338020 e-flex e-con-boxed e-con e-parent\" data-id=\"d338020\" data-element_type=\"container\" data-e-type=\"container\">\n\t\t\t\t\t<div class=\"e-con-inner\">\n\t\t<div class=\"elementor-element elementor-element-907d09a e-con-full e-flex e-con e-child\" data-id=\"907d09a\" data-element_type=\"container\" data-e-type=\"container\">\n\t\t\t\t<div class=\"elementor-element elementor-element-ffb2c53 elementor-widget elementor-widget-html\" data-id=\"ffb2c53\" data-element_type=\"widget\" data-e-type=\"widget\" data-widget_type=\"html.default\">\n\t\t\t\t<div class=\"elementor-widget-container\">\n\t\t\t\t\t<h2>Fotoreisen zum Kranich in Spanien<\/h2>\n<p>Gef\u00fchrte Fotoreisen erm\u00f6glichen einen verantwortungsvollen Zugang zu den besten Beobachtungsgebieten. Kleine Gruppen, gute Gebietskenntnis und sorgf\u00e4ltige Planung schaffen optimale Bedingungen f\u00fcr intensive Naturerlebnisse und hochwertige Aufnahmen.<\/p>\n\n<p>Eine \u00dcbersicht aktueller Termine und Reiseangebote findest du auf der Seite  \n<a href=\"https:\/\/nature-fineart.com\/vogelfotografie-spanien\/reisen\/\" target=\"_blank\">Fotoreisen in Spanien f\u00fcr Natur- und Vogelfotografie<\/a>.<\/p>\n\n<h2>Ein besonderes Naturerlebnis im Winter<\/h2>\n<p>Wenn im Morgengrauen die ersten Rufe \u00fcber die Landschaft tragen und gro\u00dfe Kranichtrupps im goldenen Licht des Sonnenaufgangs starten, entsteht eine einzigartige Atmosph\u00e4re. Begegnungen mit diesen Zugv\u00f6geln verbinden eindrucksvolle Fotografie mit intensivem Naturerleben; ruhig, respektvoll und unvergesslich.<\/p>\t\t\t\t<\/div>\n\t\t\t\t<\/div>\n\t\t\t\t<\/div>\n\t\t<div class=\"elementor-element elementor-element-a12e339 e-con-full e-flex e-con e-child\" data-id=\"a12e339\" data-element_type=\"container\" data-e-type=\"container\">\n\t\t\t\t<div class=\"elementor-element elementor-element-30a7941 elementor-widget elementor-widget-image\" data-id=\"30a7941\" data-element_type=\"widget\" data-e-type=\"widget\" data-widget_type=\"image.default\">\n\t\t\t\t<div class=\"elementor-widget-container\">\n\t\t\t\t\t\t\t\t\t\t\t\t\t\t\t<img decoding=\"async\" width=\"751\" height=\"1001\" src=\"https:\/\/nature-fineart.com\/vogelfotografie-spanien\/wp-content\/uploads\/2026\/02\/Kraniche-in-Spanien.jpg\" class=\"attachment-large size-large wp-image-7322\" alt=\"\" srcset=\"https:\/\/nature-fineart.com\/vogelfotografie-spanien\/wp-content\/uploads\/2026\/02\/Kraniche-in-Spanien.jpg 768w, https:\/\/nature-fineart.com\/vogelfotografie-spanien\/wp-content\/uploads\/2026\/02\/Kraniche-in-Spanien-450x600.jpg 450w\" sizes=\"(max-width: 751px) 100vw, 751px\" \/>\t\t\t\t\t\t\t\t\t\t\t\t\t\t\t<\/div>\n\t\t\t\t<\/div>\n\t\t\t\t<\/div>\n\t\t\t\t\t<\/div>\n\t\t\t\t<\/div>\n\t\t<div class=\"elementor-element elementor-element-bd12c1a e-flex e-con-boxed e-con e-parent\" data-id=\"bd12c1a\" data-element_type=\"container\" data-e-type=\"container\">\n\t\t\t\t\t<div class=\"e-con-inner\">\n\t\t\t\t<div class=\"elementor-element elementor-element-b0f1c1c elementor-widget elementor-widget-text-editor\" data-id=\"b0f1c1c\" data-element_type=\"widget\" data-e-type=\"widget\" data-widget_type=\"text-editor.default\">\n\t\t\t\t<div class=\"elementor-widget-container\">\n\t\t\t\t\t\t\t\t\t<h3>Natur erleben &amp; selbst fotografieren<\/h3><p>M\u00f6chtest du diese besondere Tierart in ihrem nat\u00fcrlichen Lebensraum erleben und fotografieren?<br \/>Auf meinen gef\u00fchrten Fotoreisen in Spanien erwarten dich intensive Naturmomente, kleine Gruppen, sorgf\u00e4ltig ausgew\u00e4hlte Beobachtungsorte und viel Zeit f\u00fcr ruhige, respektvolle Naturfotografie.<\/p><p>Mit lokaler Erfahrung, optimalen Lichtbedingungen und einem klaren Fokus auf Qualit\u00e4t entstehen nicht nur eindrucksvolle Bilder, sondern auch echte Naturerlebnisse, die lange in Erinnerung bleiben.<\/p><p>Schreib mir gern unverbindlich, ich berate dich pers\u00f6nlich zu passenden Reisen und Terminen.<\/p>\t\t\t\t\t\t\t\t<\/div>\n\t\t\t\t<\/div>\n\t\t\t\t\t<\/div>\n\t\t\t\t<\/div>\n\t\t<div class=\"elementor-element elementor-element-fad3946 e-flex e-con-boxed e-con e-parent\" data-id=\"fad3946\" data-element_type=\"container\" data-e-type=\"container\">\n\t\t\t\t\t<div class=\"e-con-inner\">\n\t\t\t\t<div class=\"elementor-element elementor-element-56541b1 elementor-widget elementor-widget-shortcode\" data-id=\"56541b1\" data-element_type=\"widget\" data-e-type=\"widget\" data-widget_type=\"shortcode.default\">\n\t\t\t\t<div class=\"elementor-widget-container\">\n\t\t\t\t\t\t\t<div class=\"elementor-shortcode\"><style id=\"wpforms-css-vars-5929\">\n\t\t\t\t#wpforms-5929 {\n\t\t\t\t--wpforms-field-border-color: #5E5E5E;\n--wpforms-field-border-color-spare: #5E5E5E;\n--wpforms-field-text-color: #5e5e5e;\n--wpforms-label-color: #5e5e5e;\n--wpforms-label-sublabel-color: #5e5e5e;\n--wpforms-button-background-color: #6e7b4a;\n--wpforms-container-padding: 0px;\n--wpforms-container-border-width: 1px;\n--wpforms-container-border-radius: 3px;\n--wpforms-background-color: rgba(0, 0, 0, 0);\n--wpforms-field-size-input-height: 43px;\n--wpforms-field-size-input-spacing: 15px;\n--wpforms-field-size-font-size: 16px;\n--wpforms-field-size-line-height: 19px;\n--wpforms-field-size-padding-h: 14px;\n--wpforms-field-size-checkbox-size: 16px;\n--wpforms-field-size-sublabel-spacing: 5px;\n--wpforms-field-size-icon-size: 1;\n--wpforms-label-size-font-size: 16px;\n--wpforms-label-size-line-height: 19px;\n--wpforms-label-size-sublabel-font-size: 14px;\n--wpforms-label-size-sublabel-line-height: 17px;\n--wpforms-button-size-font-size: 17px;\n--wpforms-button-size-height: 41px;\n--wpforms-button-size-padding-h: 15px;\n--wpforms-button-size-margin-top: 10px;\n--wpforms-container-shadow-size-box-shadow: none;\n\t\t\t}\n\t\t\t<\/style><div class=\"wpforms-container wpforms-container-full wpforms-render-modern\" id=\"wpforms-5929\"><form id=\"wpforms-form-5929\" class=\"wpforms-validate wpforms-form wpforms-ajax-form\" data-formid=\"5929\" method=\"post\" enctype=\"multipart\/form-data\" action=\"\/vogelfotografie-spanien\/wp-json\/wp\/v2\/pages\/7319\" data-token=\"2d94c5a0a069089a30db67751e723e68\" data-token-time=\"1776427855\"><noscript class=\"wpforms-error-noscript\">Bitte aktiviere JavaScript in deinem Browser, um dieses Formular fertigzustellen.<\/noscript><div id=\"wpforms-error-noscript\" style=\"display: none;\">Bitte aktiviere JavaScript in deinem Browser, um dieses Formular fertigzustellen.<\/div><div class=\"wpforms-field-container\"><div id=\"wpforms-5929-field_1-container\" class=\"wpforms-field wpforms-field-name\" data-field-id=\"1\"><fieldset><legend class=\"wpforms-field-label\">Name <span class=\"wpforms-required-label\" aria-hidden=\"true\">*<\/span><\/legend><div class=\"wpforms-field-row wpforms-field-medium\"><div class=\"wpforms-field-row-block wpforms-first wpforms-one-half\"><input type=\"text\" id=\"wpforms-5929-field_1\" class=\"wpforms-field-name-first wpforms-field-required\" name=\"wpforms[fields][1][first]\" aria-errormessage=\"wpforms-5929-field_1-error\" required><label for=\"wpforms-5929-field_1\" class=\"wpforms-field-sublabel after\">Vorname<\/label><\/div><div class=\"wpforms-field-row-block wpforms-one-half\"><input type=\"text\" id=\"wpforms-5929-field_1-last\" class=\"wpforms-field-name-last wpforms-field-required\" name=\"wpforms[fields][1][last]\" aria-errormessage=\"wpforms-5929-field_1-last-error\" required><label for=\"wpforms-5929-field_1-last\" class=\"wpforms-field-sublabel after\">Nachname<\/label><\/div><\/div><\/fieldset><\/div>\t\t<div id=\"wpforms-5929-field_4-container\"\n\t\t\tclass=\"wpforms-field wpforms-field-text\"\n\t\t\tdata-field-type=\"text\"\n\t\t\tdata-field-id=\"4\"\n\t\t\t>\n\t\t\t<label class=\"wpforms-field-label\" for=\"wpforms-5929-field_4\" >Nachricht E-Mail-Adresse Kommentar<\/label>\n\t\t\t<input type=\"text\" id=\"wpforms-5929-field_4\" class=\"wpforms-field-medium\" name=\"wpforms[fields][4]\" >\n\t\t<\/div>\n\t\t<div id=\"wpforms-5929-field_2-container\" class=\"wpforms-field wpforms-field-email\" data-field-id=\"2\"><label class=\"wpforms-field-label\" for=\"wpforms-5929-field_2\">E-Mail-Adresse <span class=\"wpforms-required-label\" aria-hidden=\"true\">*<\/span><\/label><input type=\"email\" id=\"wpforms-5929-field_2\" class=\"wpforms-field-medium wpforms-field-required\" name=\"wpforms[fields][2]\" spellcheck=\"false\" aria-errormessage=\"wpforms-5929-field_2-error\" required><\/div><div id=\"wpforms-5929-field_3-container\" class=\"wpforms-field wpforms-field-textarea\" data-field-id=\"3\"><label class=\"wpforms-field-label\" for=\"wpforms-5929-field_3\">Kommentar oder Nachricht<\/label><textarea id=\"wpforms-5929-field_3\" class=\"wpforms-field-medium\" name=\"wpforms[fields][3]\" aria-errormessage=\"wpforms-5929-field_3-error\" ><\/textarea><\/div><script>\n\t\t\t\t( function() {\n\t\t\t\t\tconst style = document.createElement( 'style' );\n\t\t\t\t\tstyle.appendChild( document.createTextNode( '#wpforms-5929-field_4-container { position: absolute !important; overflow: hidden !important; display: inline !important; height: 1px !important; width: 1px !important; z-index: -1000 !important; padding: 0 !important; } #wpforms-5929-field_4-container input { visibility: hidden; } #wpforms-conversational-form-page #wpforms-5929-field_4-container label { counter-increment: none; }' ) );\n\t\t\t\t\tdocument.head.appendChild( style );\n\t\t\t\t\tdocument.currentScript?.remove();\n\t\t\t\t} )();\n\t\t\t<\/script><\/div><!-- .wpforms-field-container --><div class=\"wpforms-submit-container\" ><input type=\"hidden\" name=\"wpforms[id]\" value=\"5929\"><input type=\"hidden\" name=\"page_title\" value=\"\"><input type=\"hidden\" name=\"page_url\" value=\"https:\/\/nature-fineart.com\/vogelfotografie-spanien\/wp-json\/wp\/v2\/pages\/7319\"><input type=\"hidden\" name=\"url_referer\" value=\"\"><button type=\"submit\" name=\"wpforms[submit]\" id=\"wpforms-submit-5929\" class=\"wpforms-submit\" data-alt-text=\"Wird gesendet\u00a0\u2026\" data-submit-text=\"Anfrage senden\" aria-live=\"assertive\" value=\"wpforms-submit\">Anfrage senden<\/button><img decoding=\"async\" src=\"https:\/\/nature-fineart.com\/vogelfotografie-spanien\/wp-content\/plugins\/wpforms-lite\/assets\/images\/submit-spin.svg\" class=\"wpforms-submit-spinner\" style=\"display: none;\" width=\"26\" height=\"26\" alt=\"Wird geladen\"><\/div><\/form><\/div>  <!-- .wpforms-container --><\/div>\n\t\t\t\t\t\t<\/div>\n\t\t\t\t<\/div>\n\t\t\t\t\t<\/div>\n\t\t\t\t<\/div>\n\t\t\t\t<\/div>\n\t\t","protected":false},"excerpt":{"rendered":"<p>Den Kranich in Spanien zu fotografieren geh\u00f6rt zu den eindrucksvollsten Naturerlebnissen der kalten Jahreszeit. In den weiten Landschaften Zentralspaniens sammeln sich im Herbst und Winter tausende dieser eleganten Zugv\u00f6gel. Ihr trompetender Ruf, die morgendlichen Abfl\u00fcge von den Schlafpl\u00e4tzen und die stimmungsvollen Lichtverh\u00e4ltnisse machen Begegnungen mit Kranichen zu einem unvergesslichen Erlebnis f\u00fcr Natur- und Vogelfotografen. Der&#8230;<\/p>\n","protected":false},"author":2,"featured_media":0,"parent":0,"menu_order":0,"comment_status":"closed","ping_status":"closed","template":"","meta":{"footnotes":""},"class_list":["post-7319","page","type-page","status-publish","hentry"],"_links":{"self":[{"href":"https:\/\/nature-fineart.com\/vogelfotografie-spanien\/wp-json\/wp\/v2\/pages\/7319","targetHints":{"allow":["GET"]}}],"collection":[{"href":"https:\/\/nature-fineart.com\/vogelfotografie-spanien\/wp-json\/wp\/v2\/pages"}],"about":[{"href":"https:\/\/nature-fineart.com\/vogelfotografie-spanien\/wp-json\/wp\/v2\/types\/page"}],"author":[{"embeddable":true,"href":"https:\/\/nature-fineart.com\/vogelfotografie-spanien\/wp-json\/wp\/v2\/users\/2"}],"replies":[{"embeddable":true,"href":"https:\/\/nature-fineart.com\/vogelfotografie-spanien\/wp-json\/wp\/v2\/comments?post=7319"}],"version-history":[{"count":4,"href":"https:\/\/nature-fineart.com\/vogelfotografie-spanien\/wp-json\/wp\/v2\/pages\/7319\/revisions"}],"predecessor-version":[{"id":7325,"href":"https:\/\/nature-fineart.com\/vogelfotografie-spanien\/wp-json\/wp\/v2\/pages\/7319\/revisions\/7325"}],"wp:attachment":[{"href":"https:\/\/nature-fineart.com\/vogelfotografie-spanien\/wp-json\/wp\/v2\/media?parent=7319"}],"curies":[{"name":"wp","href":"https:\/\/api.w.org\/{rel}","templated":true}]}}